{"id":793,"date":"2021-04-27T14:37:49","date_gmt":"2021-04-27T14:37:49","guid":{"rendered":"http:\/\/hidrocentro.com.ar\/bombas-agua\/?post_type=product&#038;p=793"},"modified":"2021-04-27T14:37:50","modified_gmt":"2021-04-27T14:37:50","slug":"bomba-inteligent-20-rowa","status":"publish","type":"product","link":"http:\/\/hidrocentro.com.ar\/bombas-agua\/producto\/bomba-inteligent-20-rowa\/","title":{"rendered":"Bomba INTELIGENT 20 Rowa"},"content":{"rendered":"<p><strong>Bomba INTELIGENT 20 Rowa<\/strong><\/p>\n<p>Abastecimiento de agua para toda vivienda. Apta para bombear agua potable sin residuos. Para viviendas de 1 a 3 plantas.<\/p>\n<p>Esta bomba elevadora inteligente cuenta con un sensor que verifica y monitorea en forma peri\u00f3dica el estado de llenado del tanque de destino optimizando la capacidad del mismo, y automatizando su llenado. Esto posibilita que la instalaci\u00f3n est\u00e9 mucho mejor preparada ante suministros deficientes e irregulares de la red de agua.<\/p>\n<p>&nbsp;<\/p>\n<p><strong><u>Ventajas:<\/u><\/strong><\/p>\n<ul>\n<li>No se quema ante la falta de agua<\/li>\n<li>Apta para tuber\u00edas de succi\u00f3n de \u00bd\u201d, \u00be\u201d y 1\u201d<\/li>\n<li>No requiere instalaci\u00f3n el\u00e9ctrica alguna entre la bomba y el tanque de destino (elevado o cisterna)<\/li>\n<li>No necesita flotante el\u00e9ctrico en el tanque de destino (elevado o cisterna)<\/li>\n<li>Bajo consumo el\u00e9ctrico<\/li>\n<li>Totalmente silenciosa<\/li>\n<li>Dise\u00f1ada y patentada por Rowa. \u00daNICA EN EL MERCADO<\/li>\n<li>Motor totalmente silencioso<\/li>\n<li>Bobinado protegido contra funcionamiento en seco, se apaga autom\u00e1ticamente<\/li>\n<\/ul>\n<p>&nbsp;<\/p>\n<p><strong><u>Caracter\u00edsticas:<\/u><\/strong><\/p>\n<ul>\n<li>Temperatura m\u00e1xima del agua: 40\u00baC<\/li>\n<li>Temperatura ambiente: 40\u00baC<\/li>\n<li>Presi\u00f3n m\u00e1xima del sistema: 4Kg\/cm\u00b2<\/li>\n<li>P\u00e9rdida de carga m\u00e1xima en succi\u00f3n: 4 m.c.a.<\/li>\n<li>Presi\u00f3n M\u00e1xima: 14 (m. c. a.)<\/li>\n<li>Caudal M\u00e1ximo: 3000 (l\/h)<\/li>\n<li>Potencia: 0,50HP<\/li>\n<li>Tensi\u00f3n: 220V<\/li>\n<\/ul>\n","protected":false},"excerpt":{"rendered":"<p>Bomba INTELIGENT 20 Rowa Abastecimiento de agua para toda vivienda. Apta para bombear agua potable sin residuos. Para viviendas de 1 a 3 plantas. Esta bomba elevadora inteligente cuenta con un sensor que verifica y monitorea en forma peri\u00f3dica el estado de llenado del tanque de destino optimizando la capacidad del mismo, y automatizando su [&hellip;]<\/p>\n","protected":false},"featured_media":794,"template":"","meta":{"_joinchat":[]},"product_brand":[],"product_cat":[21],"product_tag":[63,27,26,76],"class_list":{"0":"post-793","1":"product","2":"type-product","3":"status-publish","4":"has-post-thumbnail","6":"product_cat-bombas","7":"product_tag-agua","8":"product_tag-bombas","9":"product_tag-electrobombas","10":"product_tag-rowa","12":"first","13":"instock","14":"shipping-taxable","15":"product-type-simple"},"yoast_head":"<!-- This site is optimized with the Yoast SEO plugin v27.3 - https:\/\/yoast.com\/product\/yoast-seo-wordpress\/ -->\n<title>Bomba INTELIGENT 20 Rowa - HidroCentro Servicios<\/title>\n<meta name=\"robots\" content=\"index, follow, max-snippet:-1, max-image-preview:large, max-video-preview:-1\" \/>\n<link rel=\"canonical\" href=\"http:\/\/hidrocentro.com.ar\/bombas-agua\/producto\/bomba-inteligent-20-rowa\/\" \/>\n<meta property=\"og:locale\" content=\"es_ES\" \/>\n<meta property=\"og:type\" content=\"article\" \/>\n<meta property=\"og:title\" content=\"Bomba INTELIGENT 20 Rowa - HidroCentro Servicios\" \/>\n<meta property=\"og:description\" content=\"Bomba INTELIGENT 20 Rowa Abastecimiento de agua para toda vivienda. Apta para bombear agua potable sin residuos. Para viviendas de 1 a 3 plantas. Esta bomba elevadora inteligente cuenta con un sensor que verifica y monitorea en forma peri\u00f3dica el estado de llenado del tanque de destino optimizando la capacidad del mismo, y automatizando su [&hellip;]\" \/>\n<meta property=\"og:url\" content=\"http:\/\/hidrocentro.com.ar\/bombas-agua\/producto\/bomba-inteligent-20-rowa\/\" \/>\n<meta property=\"og:site_name\" content=\"HidroCentro Servicios\" \/>\n<meta property=\"article:modified_time\" content=\"2021-04-27T14:37:50+00:00\" \/>\n<meta property=\"og:image\" content=\"http:\/\/hidrocentro.com.ar\/bombas-agua\/wp-content\/uploads\/2021\/04\/inteligente20-1-2.png\" \/>\n\t<meta property=\"og:image:width\" content=\"460\" \/>\n\t<meta property=\"og:image:height\" content=\"460\" \/>\n\t<meta property=\"og:image:type\" content=\"image\/png\" \/>\n<meta name=\"twitter:card\" content=\"summary_large_image\" \/>\n<meta name=\"twitter:label1\" content=\"Tiempo de lectura\" \/>\n\t<meta name=\"twitter:data1\" content=\"1 minuto\" \/>\n<script type=\"application\/ld+json\" class=\"yoast-schema-graph\">{\"@context\":\"https:\\\/\\\/schema.org\",\"@graph\":[{\"@type\":\"WebPage\",\"@id\":\"http:\\\/\\\/hidrocentro.com.ar\\\/bombas-agua\\\/producto\\\/bomba-inteligent-20-rowa\\\/\",\"url\":\"http:\\\/\\\/hidrocentro.com.ar\\\/bombas-agua\\\/producto\\\/bomba-inteligent-20-rowa\\\/\",\"name\":\"Bomba INTELIGENT 20 Rowa - HidroCentro Servicios\",\"isPartOf\":{\"@id\":\"http:\\\/\\\/hidrocentro.com.ar\\\/bombas-agua\\\/#website\"},\"primaryImageOfPage\":{\"@id\":\"http:\\\/\\\/hidrocentro.com.ar\\\/bombas-agua\\\/producto\\\/bomba-inteligent-20-rowa\\\/#primaryimage\"},\"image\":{\"@id\":\"http:\\\/\\\/hidrocentro.com.ar\\\/bombas-agua\\\/producto\\\/bomba-inteligent-20-rowa\\\/#primaryimage\"},\"thumbnailUrl\":\"http:\\\/\\\/hidrocentro.com.ar\\\/bombas-agua\\\/wp-content\\\/uploads\\\/2021\\\/04\\\/inteligente20-1-2.png\",\"datePublished\":\"2021-04-27T14:37:49+00:00\",\"dateModified\":\"2021-04-27T14:37:50+00:00\",\"breadcrumb\":{\"@id\":\"http:\\\/\\\/hidrocentro.com.ar\\\/bombas-agua\\\/producto\\\/bomba-inteligent-20-rowa\\\/#breadcrumb\"},\"inLanguage\":\"es\",\"potentialAction\":[{\"@type\":\"ReadAction\",\"target\":[\"http:\\\/\\\/hidrocentro.com.ar\\\/bombas-agua\\\/producto\\\/bomba-inteligent-20-rowa\\\/\"]}]},{\"@type\":\"ImageObject\",\"inLanguage\":\"es\",\"@id\":\"http:\\\/\\\/hidrocentro.com.ar\\\/bombas-agua\\\/producto\\\/bomba-inteligent-20-rowa\\\/#primaryimage\",\"url\":\"http:\\\/\\\/hidrocentro.com.ar\\\/bombas-agua\\\/wp-content\\\/uploads\\\/2021\\\/04\\\/inteligente20-1-2.png\",\"contentUrl\":\"http:\\\/\\\/hidrocentro.com.ar\\\/bombas-agua\\\/wp-content\\\/uploads\\\/2021\\\/04\\\/inteligente20-1-2.png\",\"width\":460,\"height\":460},{\"@type\":\"BreadcrumbList\",\"@id\":\"http:\\\/\\\/hidrocentro.com.ar\\\/bombas-agua\\\/producto\\\/bomba-inteligent-20-rowa\\\/#breadcrumb\",\"itemListElement\":[{\"@type\":\"ListItem\",\"position\":1,\"name\":\"Tienda\",\"item\":\"http:\\\/\\\/hidrocentro.com.ar\\\/bombas-agua\\\/tienda\\\/\"},{\"@type\":\"ListItem\",\"position\":2,\"name\":\"Bomba INTELIGENT 20 Rowa\"}]},{\"@type\":\"WebSite\",\"@id\":\"http:\\\/\\\/hidrocentro.com.ar\\\/bombas-agua\\\/#website\",\"url\":\"http:\\\/\\\/hidrocentro.com.ar\\\/bombas-agua\\\/\",\"name\":\"HidroCentro Servicios\",\"description\":\"Venta y asesoramiento en Bombas\",\"publisher\":{\"@id\":\"http:\\\/\\\/hidrocentro.com.ar\\\/bombas-agua\\\/#organization\"},\"potentialAction\":[{\"@type\":\"SearchAction\",\"target\":{\"@type\":\"EntryPoint\",\"urlTemplate\":\"http:\\\/\\\/hidrocentro.com.ar\\\/bombas-agua\\\/?s={search_term_string}\"},\"query-input\":{\"@type\":\"PropertyValueSpecification\",\"valueRequired\":true,\"valueName\":\"search_term_string\"}}],\"inLanguage\":\"es\"},{\"@type\":\"Organization\",\"@id\":\"http:\\\/\\\/hidrocentro.com.ar\\\/bombas-agua\\\/#organization\",\"name\":\"HidroCentro Servicios\",\"url\":\"http:\\\/\\\/hidrocentro.com.ar\\\/bombas-agua\\\/\",\"logo\":{\"@type\":\"ImageObject\",\"inLanguage\":\"es\",\"@id\":\"http:\\\/\\\/hidrocentro.com.ar\\\/bombas-agua\\\/#\\\/schema\\\/logo\\\/image\\\/\",\"url\":\"http:\\\/\\\/hidrocentro.com.ar\\\/bombas-agua\\\/wp-content\\\/uploads\\\/2020\\\/09\\\/cropped-logo4.png\",\"contentUrl\":\"http:\\\/\\\/hidrocentro.com.ar\\\/bombas-agua\\\/wp-content\\\/uploads\\\/2020\\\/09\\\/cropped-logo4.png\",\"width\":249,\"height\":108,\"caption\":\"HidroCentro Servicios\"},\"image\":{\"@id\":\"http:\\\/\\\/hidrocentro.com.ar\\\/bombas-agua\\\/#\\\/schema\\\/logo\\\/image\\\/\"}}]}<\/script>\n<!-- \/ Yoast SEO plugin. -->","yoast_head_json":{"title":"Bomba INTELIGENT 20 Rowa - HidroCentro Servicios","robots":{"index":"index","follow":"follow","max-snippet":"max-snippet:-1","max-image-preview":"max-image-preview:large","max-video-preview":"max-video-preview:-1"},"canonical":"http:\/\/hidrocentro.com.ar\/bombas-agua\/producto\/bomba-inteligent-20-rowa\/","og_locale":"es_ES","og_type":"article","og_title":"Bomba INTELIGENT 20 Rowa - HidroCentro Servicios","og_description":"Bomba INTELIGENT 20 Rowa Abastecimiento de agua para toda vivienda. Apta para bombear agua potable sin residuos. Para viviendas de 1 a 3 plantas. Esta bomba elevadora inteligente cuenta con un sensor que verifica y monitorea en forma peri\u00f3dica el estado de llenado del tanque de destino optimizando la capacidad del mismo, y automatizando su [&hellip;]","og_url":"http:\/\/hidrocentro.com.ar\/bombas-agua\/producto\/bomba-inteligent-20-rowa\/","og_site_name":"HidroCentro Servicios","article_modified_time":"2021-04-27T14:37:50+00:00","og_image":[{"width":460,"height":460,"url":"http:\/\/hidrocentro.com.ar\/bombas-agua\/wp-content\/uploads\/2021\/04\/inteligente20-1-2.png","type":"image\/png"}],"twitter_card":"summary_large_image","twitter_misc":{"Tiempo de lectura":"1 minuto"},"schema":{"@context":"https:\/\/schema.org","@graph":[{"@type":"WebPage","@id":"http:\/\/hidrocentro.com.ar\/bombas-agua\/producto\/bomba-inteligent-20-rowa\/","url":"http:\/\/hidrocentro.com.ar\/bombas-agua\/producto\/bomba-inteligent-20-rowa\/","name":"Bomba INTELIGENT 20 Rowa - HidroCentro Servicios","isPartOf":{"@id":"http:\/\/hidrocentro.com.ar\/bombas-agua\/#website"},"primaryImageOfPage":{"@id":"http:\/\/hidrocentro.com.ar\/bombas-agua\/producto\/bomba-inteligent-20-rowa\/#primaryimage"},"image":{"@id":"http:\/\/hidrocentro.com.ar\/bombas-agua\/producto\/bomba-inteligent-20-rowa\/#primaryimage"},"thumbnailUrl":"http:\/\/hidrocentro.com.ar\/bombas-agua\/wp-content\/uploads\/2021\/04\/inteligente20-1-2.png","datePublished":"2021-04-27T14:37:49+00:00","dateModified":"2021-04-27T14:37:50+00:00","breadcrumb":{"@id":"http:\/\/hidrocentro.com.ar\/bombas-agua\/producto\/bomba-inteligent-20-rowa\/#breadcrumb"},"inLanguage":"es","potentialAction":[{"@type":"ReadAction","target":["http:\/\/hidrocentro.com.ar\/bombas-agua\/producto\/bomba-inteligent-20-rowa\/"]}]},{"@type":"ImageObject","inLanguage":"es","@id":"http:\/\/hidrocentro.com.ar\/bombas-agua\/producto\/bomba-inteligent-20-rowa\/#primaryimage","url":"http:\/\/hidrocentro.com.ar\/bombas-agua\/wp-content\/uploads\/2021\/04\/inteligente20-1-2.png","contentUrl":"http:\/\/hidrocentro.com.ar\/bombas-agua\/wp-content\/uploads\/2021\/04\/inteligente20-1-2.png","width":460,"height":460},{"@type":"BreadcrumbList","@id":"http:\/\/hidrocentro.com.ar\/bombas-agua\/producto\/bomba-inteligent-20-rowa\/#breadcrumb","itemListElement":[{"@type":"ListItem","position":1,"name":"Tienda","item":"http:\/\/hidrocentro.com.ar\/bombas-agua\/tienda\/"},{"@type":"ListItem","position":2,"name":"Bomba INTELIGENT 20 Rowa"}]},{"@type":"WebSite","@id":"http:\/\/hidrocentro.com.ar\/bombas-agua\/#website","url":"http:\/\/hidrocentro.com.ar\/bombas-agua\/","name":"HidroCentro Servicios","description":"Venta y asesoramiento en Bombas","publisher":{"@id":"http:\/\/hidrocentro.com.ar\/bombas-agua\/#organization"},"potentialAction":[{"@type":"SearchAction","target":{"@type":"EntryPoint","urlTemplate":"http:\/\/hidrocentro.com.ar\/bombas-agua\/?s={search_term_string}"},"query-input":{"@type":"PropertyValueSpecification","valueRequired":true,"valueName":"search_term_string"}}],"inLanguage":"es"},{"@type":"Organization","@id":"http:\/\/hidrocentro.com.ar\/bombas-agua\/#organization","name":"HidroCentro Servicios","url":"http:\/\/hidrocentro.com.ar\/bombas-agua\/","logo":{"@type":"ImageObject","inLanguage":"es","@id":"http:\/\/hidrocentro.com.ar\/bombas-agua\/#\/schema\/logo\/image\/","url":"http:\/\/hidrocentro.com.ar\/bombas-agua\/wp-content\/uploads\/2020\/09\/cropped-logo4.png","contentUrl":"http:\/\/hidrocentro.com.ar\/bombas-agua\/wp-content\/uploads\/2020\/09\/cropped-logo4.png","width":249,"height":108,"caption":"HidroCentro Servicios"},"image":{"@id":"http:\/\/hidrocentro.com.ar\/bombas-agua\/#\/schema\/logo\/image\/"}}]}},"jetpack_sharing_enabled":true,"_links":{"self":[{"href":"http:\/\/hidrocentro.com.ar\/bombas-agua\/wp-json\/wp\/v2\/product\/793","targetHints":{"allow":["GET"]}}],"collection":[{"href":"http:\/\/hidrocentro.com.ar\/bombas-agua\/wp-json\/wp\/v2\/product"}],"about":[{"href":"http:\/\/hidrocentro.com.ar\/bombas-agua\/wp-json\/wp\/v2\/types\/product"}],"wp:featuredmedia":[{"embeddable":true,"href":"http:\/\/hidrocentro.com.ar\/bombas-agua\/wp-json\/wp\/v2\/media\/794"}],"wp:attachment":[{"href":"http:\/\/hidrocentro.com.ar\/bombas-agua\/wp-json\/wp\/v2\/media?parent=793"}],"wp:term":[{"taxonomy":"product_brand","embeddable":true,"href":"http:\/\/hidrocentro.com.ar\/bombas-agua\/wp-json\/wp\/v2\/product_brand?post=793"},{"taxonomy":"product_cat","embeddable":true,"href":"http:\/\/hidrocentro.com.ar\/bombas-agua\/wp-json\/wp\/v2\/product_cat?post=793"},{"taxonomy":"product_tag","embeddable":true,"href":"http:\/\/hidrocentro.com.ar\/bombas-agua\/wp-json\/wp\/v2\/product_tag?post=793"}],"curies":[{"name":"wp","href":"https:\/\/api.w.org\/{rel}","templated":true}]}}