{"id":789,"date":"2021-04-27T13:24:06","date_gmt":"2021-04-27T13:24:06","guid":{"rendered":"http:\/\/hidrocentro.com.ar\/bombas-agua\/?post_type=product&#038;p=789"},"modified":"2021-04-27T13:24:06","modified_gmt":"2021-04-27T13:24:06","slug":"bomba-tango-sfl-14-rowa","status":"publish","type":"product","link":"http:\/\/hidrocentro.com.ar\/bombas-agua\/producto\/bomba-tango-sfl-14-rowa\/","title":{"rendered":"Bomba TANGO SFL 14 Rowa"},"content":{"rendered":"<p><strong>Bomba TANGO SFL 14 Rowa<\/strong><\/p>\n<p>Bomba presurizadora para aumento de presi\u00f3n de agua en residencias en general, nuevas o antiguas con tanque elevado. Apto para viviendas con tuber\u00edas de 20 a\u00f1os o m\u00e1s.<\/p>\n<p>&nbsp;<\/p>\n<p><strong><u>Ventajas: <\/u><\/strong><\/p>\n<ul>\n<li>No le afectan las p\u00e9rdidas de agua en tuber\u00edas o grifer\u00edas.<\/li>\n<li>No presuriza la instalaci\u00f3n en forma continua solamente cuando se consume m\u00e1s de 1 litro de agua por minuto.<\/li>\n<li>Nunca se encender\u00e1 el equipo de no existir un consumo real de agua.<\/li>\n<li>Bajo consumo<\/li>\n<li>No produce golpes de ariete.<\/li>\n<li>No requiere mantenimiento.<\/li>\n<li>Motor totalmente silencioso<\/li>\n<li>Bobinado protegido contra funcionamiento en seco, se apaga autom\u00e1ticamente<\/li>\n<\/ul>\n<p>&nbsp;<\/p>\n<p><strong><u>Caracter\u00edsticas:<\/u><\/strong><\/p>\n<ul>\n<li>Temperatura m\u00e1xima del agua: 40\u00baC<\/li>\n<li>Temperatura ambiente: 40\u00baC<\/li>\n<li>Presi\u00f3n m\u00e1xima del sistema: 4Kg\/cm\u00b2<\/li>\n<li>P\u00e9rdida de carga m\u00e1xima en succi\u00f3n: 4 m.c.a.<\/li>\n<li>Presi\u00f3n M\u00e1xima: 14 (m. c. a.)<\/li>\n<li>Caudal M\u00e1ximo: 3500 (l\/h)<\/li>\n<li>Potencia: 0,25HP<\/li>\n<li>Tensi\u00f3n: 220V<\/li>\n<\/ul>\n","protected":false},"excerpt":{"rendered":"<p>Bomba TANGO SFL 14 Rowa Bomba presurizadora para aumento de presi\u00f3n de agua en residencias en general, nuevas o antiguas con tanque elevado. Apto para viviendas con tuber\u00edas de 20 a\u00f1os o m\u00e1s. &nbsp; Ventajas: No le afectan las p\u00e9rdidas de agua en tuber\u00edas o grifer\u00edas. No presuriza la instalaci\u00f3n en forma continua solamente cuando [&hellip;]<\/p>\n","protected":false},"featured_media":790,"template":"","meta":{"_joinchat":[]},"product_brand":[],"product_cat":[21],"product_tag":[63,27,26,77,76],"class_list":{"0":"post-789","1":"product","2":"type-product","3":"status-publish","4":"has-post-thumbnail","6":"product_cat-bombas","7":"product_tag-agua","8":"product_tag-bombas","9":"product_tag-electrobombas","10":"product_tag-presurizadora","11":"product_tag-rowa","13":"first","14":"instock","15":"shipping-taxable","16":"product-type-simple"},"yoast_head":"<!-- This site is optimized with the Yoast SEO plugin v27.5 - https:\/\/yoast.com\/product\/yoast-seo-wordpress\/ -->\n<title>Bomba TANGO SFL 14 Rowa - HidroCentro Servicios<\/title>\n<meta name=\"robots\" content=\"index, follow, max-snippet:-1, max-image-preview:large, max-video-preview:-1\" \/>\n<link rel=\"canonical\" href=\"http:\/\/hidrocentro.com.ar\/bombas-agua\/producto\/bomba-tango-sfl-14-rowa\/\" \/>\n<meta property=\"og:locale\" content=\"es_ES\" \/>\n<meta property=\"og:type\" content=\"article\" \/>\n<meta property=\"og:title\" content=\"Bomba TANGO SFL 14 Rowa - HidroCentro Servicios\" \/>\n<meta property=\"og:description\" content=\"Bomba TANGO SFL 14 Rowa Bomba presurizadora para aumento de presi\u00f3n de agua en residencias en general, nuevas o antiguas con tanque elevado. Apto para viviendas con tuber\u00edas de 20 a\u00f1os o m\u00e1s. &nbsp; Ventajas: No le afectan las p\u00e9rdidas de agua en tuber\u00edas o grifer\u00edas. No presuriza la instalaci\u00f3n en forma continua solamente cuando [&hellip;]\" \/>\n<meta property=\"og:url\" content=\"http:\/\/hidrocentro.com.ar\/bombas-agua\/producto\/bomba-tango-sfl-14-rowa\/\" \/>\n<meta property=\"og:site_name\" content=\"HidroCentro Servicios\" \/>\n<meta property=\"og:image\" content=\"http:\/\/hidrocentro.com.ar\/bombas-agua\/wp-content\/uploads\/2021\/04\/tango-sfl14.jpg\" \/>\n\t<meta property=\"og:image:width\" content=\"460\" \/>\n\t<meta property=\"og:image:height\" content=\"460\" \/>\n\t<meta property=\"og:image:type\" content=\"image\/jpeg\" \/>\n<meta name=\"twitter:card\" content=\"summary_large_image\" \/>\n<meta name=\"twitter:label1\" content=\"Tiempo de lectura\" \/>\n\t<meta name=\"twitter:data1\" content=\"1 minuto\" \/>\n<script type=\"application\/ld+json\" class=\"yoast-schema-graph\">{\"@context\":\"https:\\\/\\\/schema.org\",\"@graph\":[{\"@type\":\"WebPage\",\"@id\":\"http:\\\/\\\/hidrocentro.com.ar\\\/bombas-agua\\\/producto\\\/bomba-tango-sfl-14-rowa\\\/\",\"url\":\"http:\\\/\\\/hidrocentro.com.ar\\\/bombas-agua\\\/producto\\\/bomba-tango-sfl-14-rowa\\\/\",\"name\":\"Bomba TANGO SFL 14 Rowa - HidroCentro Servicios\",\"isPartOf\":{\"@id\":\"http:\\\/\\\/hidrocentro.com.ar\\\/bombas-agua\\\/#website\"},\"primaryImageOfPage\":{\"@id\":\"http:\\\/\\\/hidrocentro.com.ar\\\/bombas-agua\\\/producto\\\/bomba-tango-sfl-14-rowa\\\/#primaryimage\"},\"image\":{\"@id\":\"http:\\\/\\\/hidrocentro.com.ar\\\/bombas-agua\\\/producto\\\/bomba-tango-sfl-14-rowa\\\/#primaryimage\"},\"thumbnailUrl\":\"http:\\\/\\\/hidrocentro.com.ar\\\/bombas-agua\\\/wp-content\\\/uploads\\\/2021\\\/04\\\/tango-sfl14.jpg\",\"datePublished\":\"2021-04-27T13:24:06+00:00\",\"breadcrumb\":{\"@id\":\"http:\\\/\\\/hidrocentro.com.ar\\\/bombas-agua\\\/producto\\\/bomba-tango-sfl-14-rowa\\\/#breadcrumb\"},\"inLanguage\":\"es\",\"potentialAction\":[{\"@type\":\"ReadAction\",\"target\":[\"http:\\\/\\\/hidrocentro.com.ar\\\/bombas-agua\\\/producto\\\/bomba-tango-sfl-14-rowa\\\/\"]}]},{\"@type\":\"ImageObject\",\"inLanguage\":\"es\",\"@id\":\"http:\\\/\\\/hidrocentro.com.ar\\\/bombas-agua\\\/producto\\\/bomba-tango-sfl-14-rowa\\\/#primaryimage\",\"url\":\"http:\\\/\\\/hidrocentro.com.ar\\\/bombas-agua\\\/wp-content\\\/uploads\\\/2021\\\/04\\\/tango-sfl14.jpg\",\"contentUrl\":\"http:\\\/\\\/hidrocentro.com.ar\\\/bombas-agua\\\/wp-content\\\/uploads\\\/2021\\\/04\\\/tango-sfl14.jpg\",\"width\":460,\"height\":460},{\"@type\":\"BreadcrumbList\",\"@id\":\"http:\\\/\\\/hidrocentro.com.ar\\\/bombas-agua\\\/producto\\\/bomba-tango-sfl-14-rowa\\\/#breadcrumb\",\"itemListElement\":[{\"@type\":\"ListItem\",\"position\":1,\"name\":\"Tienda\",\"item\":\"http:\\\/\\\/hidrocentro.com.ar\\\/bombas-agua\\\/tienda\\\/\"},{\"@type\":\"ListItem\",\"position\":2,\"name\":\"Bomba TANGO SFL 14 Rowa\"}]},{\"@type\":\"WebSite\",\"@id\":\"http:\\\/\\\/hidrocentro.com.ar\\\/bombas-agua\\\/#website\",\"url\":\"http:\\\/\\\/hidrocentro.com.ar\\\/bombas-agua\\\/\",\"name\":\"HidroCentro Servicios\",\"description\":\"Venta y asesoramiento en Bombas\",\"publisher\":{\"@id\":\"http:\\\/\\\/hidrocentro.com.ar\\\/bombas-agua\\\/#organization\"},\"potentialAction\":[{\"@type\":\"SearchAction\",\"target\":{\"@type\":\"EntryPoint\",\"urlTemplate\":\"http:\\\/\\\/hidrocentro.com.ar\\\/bombas-agua\\\/?s={search_term_string}\"},\"query-input\":{\"@type\":\"PropertyValueSpecification\",\"valueRequired\":true,\"valueName\":\"search_term_string\"}}],\"inLanguage\":\"es\"},{\"@type\":\"Organization\",\"@id\":\"http:\\\/\\\/hidrocentro.com.ar\\\/bombas-agua\\\/#organization\",\"name\":\"HidroCentro Servicios\",\"url\":\"http:\\\/\\\/hidrocentro.com.ar\\\/bombas-agua\\\/\",\"logo\":{\"@type\":\"ImageObject\",\"inLanguage\":\"es\",\"@id\":\"http:\\\/\\\/hidrocentro.com.ar\\\/bombas-agua\\\/#\\\/schema\\\/logo\\\/image\\\/\",\"url\":\"http:\\\/\\\/hidrocentro.com.ar\\\/bombas-agua\\\/wp-content\\\/uploads\\\/2020\\\/09\\\/cropped-logo4.png\",\"contentUrl\":\"http:\\\/\\\/hidrocentro.com.ar\\\/bombas-agua\\\/wp-content\\\/uploads\\\/2020\\\/09\\\/cropped-logo4.png\",\"width\":249,\"height\":108,\"caption\":\"HidroCentro Servicios\"},\"image\":{\"@id\":\"http:\\\/\\\/hidrocentro.com.ar\\\/bombas-agua\\\/#\\\/schema\\\/logo\\\/image\\\/\"}}]}<\/script>\n<!-- \/ Yoast SEO plugin. -->","yoast_head_json":{"title":"Bomba TANGO SFL 14 Rowa - HidroCentro Servicios","robots":{"index":"index","follow":"follow","max-snippet":"max-snippet:-1","max-image-preview":"max-image-preview:large","max-video-preview":"max-video-preview:-1"},"canonical":"http:\/\/hidrocentro.com.ar\/bombas-agua\/producto\/bomba-tango-sfl-14-rowa\/","og_locale":"es_ES","og_type":"article","og_title":"Bomba TANGO SFL 14 Rowa - HidroCentro Servicios","og_description":"Bomba TANGO SFL 14 Rowa Bomba presurizadora para aumento de presi\u00f3n de agua en residencias en general, nuevas o antiguas con tanque elevado. Apto para viviendas con tuber\u00edas de 20 a\u00f1os o m\u00e1s. &nbsp; Ventajas: No le afectan las p\u00e9rdidas de agua en tuber\u00edas o grifer\u00edas. No presuriza la instalaci\u00f3n en forma continua solamente cuando [&hellip;]","og_url":"http:\/\/hidrocentro.com.ar\/bombas-agua\/producto\/bomba-tango-sfl-14-rowa\/","og_site_name":"HidroCentro Servicios","og_image":[{"width":460,"height":460,"url":"http:\/\/hidrocentro.com.ar\/bombas-agua\/wp-content\/uploads\/2021\/04\/tango-sfl14.jpg","type":"image\/jpeg"}],"twitter_card":"summary_large_image","twitter_misc":{"Tiempo de lectura":"1 minuto"},"schema":{"@context":"https:\/\/schema.org","@graph":[{"@type":"WebPage","@id":"http:\/\/hidrocentro.com.ar\/bombas-agua\/producto\/bomba-tango-sfl-14-rowa\/","url":"http:\/\/hidrocentro.com.ar\/bombas-agua\/producto\/bomba-tango-sfl-14-rowa\/","name":"Bomba TANGO SFL 14 Rowa - HidroCentro Servicios","isPartOf":{"@id":"http:\/\/hidrocentro.com.ar\/bombas-agua\/#website"},"primaryImageOfPage":{"@id":"http:\/\/hidrocentro.com.ar\/bombas-agua\/producto\/bomba-tango-sfl-14-rowa\/#primaryimage"},"image":{"@id":"http:\/\/hidrocentro.com.ar\/bombas-agua\/producto\/bomba-tango-sfl-14-rowa\/#primaryimage"},"thumbnailUrl":"http:\/\/hidrocentro.com.ar\/bombas-agua\/wp-content\/uploads\/2021\/04\/tango-sfl14.jpg","datePublished":"2021-04-27T13:24:06+00:00","breadcrumb":{"@id":"http:\/\/hidrocentro.com.ar\/bombas-agua\/producto\/bomba-tango-sfl-14-rowa\/#breadcrumb"},"inLanguage":"es","potentialAction":[{"@type":"ReadAction","target":["http:\/\/hidrocentro.com.ar\/bombas-agua\/producto\/bomba-tango-sfl-14-rowa\/"]}]},{"@type":"ImageObject","inLanguage":"es","@id":"http:\/\/hidrocentro.com.ar\/bombas-agua\/producto\/bomba-tango-sfl-14-rowa\/#primaryimage","url":"http:\/\/hidrocentro.com.ar\/bombas-agua\/wp-content\/uploads\/2021\/04\/tango-sfl14.jpg","contentUrl":"http:\/\/hidrocentro.com.ar\/bombas-agua\/wp-content\/uploads\/2021\/04\/tango-sfl14.jpg","width":460,"height":460},{"@type":"BreadcrumbList","@id":"http:\/\/hidrocentro.com.ar\/bombas-agua\/producto\/bomba-tango-sfl-14-rowa\/#breadcrumb","itemListElement":[{"@type":"ListItem","position":1,"name":"Tienda","item":"http:\/\/hidrocentro.com.ar\/bombas-agua\/tienda\/"},{"@type":"ListItem","position":2,"name":"Bomba TANGO SFL 14 Rowa"}]},{"@type":"WebSite","@id":"http:\/\/hidrocentro.com.ar\/bombas-agua\/#website","url":"http:\/\/hidrocentro.com.ar\/bombas-agua\/","name":"HidroCentro Servicios","description":"Venta y asesoramiento en Bombas","publisher":{"@id":"http:\/\/hidrocentro.com.ar\/bombas-agua\/#organization"},"potentialAction":[{"@type":"SearchAction","target":{"@type":"EntryPoint","urlTemplate":"http:\/\/hidrocentro.com.ar\/bombas-agua\/?s={search_term_string}"},"query-input":{"@type":"PropertyValueSpecification","valueRequired":true,"valueName":"search_term_string"}}],"inLanguage":"es"},{"@type":"Organization","@id":"http:\/\/hidrocentro.com.ar\/bombas-agua\/#organization","name":"HidroCentro Servicios","url":"http:\/\/hidrocentro.com.ar\/bombas-agua\/","logo":{"@type":"ImageObject","inLanguage":"es","@id":"http:\/\/hidrocentro.com.ar\/bombas-agua\/#\/schema\/logo\/image\/","url":"http:\/\/hidrocentro.com.ar\/bombas-agua\/wp-content\/uploads\/2020\/09\/cropped-logo4.png","contentUrl":"http:\/\/hidrocentro.com.ar\/bombas-agua\/wp-content\/uploads\/2020\/09\/cropped-logo4.png","width":249,"height":108,"caption":"HidroCentro Servicios"},"image":{"@id":"http:\/\/hidrocentro.com.ar\/bombas-agua\/#\/schema\/logo\/image\/"}}]}},"jetpack_sharing_enabled":true,"_links":{"self":[{"href":"http:\/\/hidrocentro.com.ar\/bombas-agua\/wp-json\/wp\/v2\/product\/789","targetHints":{"allow":["GET"]}}],"collection":[{"href":"http:\/\/hidrocentro.com.ar\/bombas-agua\/wp-json\/wp\/v2\/product"}],"about":[{"href":"http:\/\/hidrocentro.com.ar\/bombas-agua\/wp-json\/wp\/v2\/types\/product"}],"wp:featuredmedia":[{"embeddable":true,"href":"http:\/\/hidrocentro.com.ar\/bombas-agua\/wp-json\/wp\/v2\/media\/790"}],"wp:attachment":[{"href":"http:\/\/hidrocentro.com.ar\/bombas-agua\/wp-json\/wp\/v2\/media?parent=789"}],"wp:term":[{"taxonomy":"product_brand","embeddable":true,"href":"http:\/\/hidrocentro.com.ar\/bombas-agua\/wp-json\/wp\/v2\/product_brand?post=789"},{"taxonomy":"product_cat","embeddable":true,"href":"http:\/\/hidrocentro.com.ar\/bombas-agua\/wp-json\/wp\/v2\/product_cat?post=789"},{"taxonomy":"product_tag","embeddable":true,"href":"http:\/\/hidrocentro.com.ar\/bombas-agua\/wp-json\/wp\/v2\/product_tag?post=789"}],"curies":[{"name":"wp","href":"https:\/\/api.w.org\/{rel}","templated":true}]}}