{"id":777,"date":"2021-04-27T12:07:37","date_gmt":"2021-04-27T12:07:37","guid":{"rendered":"http:\/\/hidrocentro.com.ar\/bombas-agua\/?post_type=product&#038;p=777"},"modified":"2021-04-27T12:41:22","modified_gmt":"2021-04-27T12:41:22","slug":"bombas-dosificadoras-milenio-dosivac","status":"publish","type":"product","link":"http:\/\/hidrocentro.com.ar\/bombas-agua\/producto\/bombas-dosificadoras-milenio-dosivac\/","title":{"rendered":"Bombas dosificadoras Milenio Dosivac"},"content":{"rendered":"<p><strong>Bombas dosificadoras Milenio Dosivac<\/strong><\/p>\n<p>Han sido especialmente dise\u00f1adas y desarrolladas para satisfacer los requerimientos actuales de funcionalidad, econom\u00eda de espacio y necesidad de lograr la respuesta m\u00e1s adecuada a bajo costo y m\u00ednimo mantenimiento.<\/p>\n<p>&nbsp;<\/p>\n<p><strong><u>Caracter\u00edsticas:<\/u><\/strong><\/p>\n<ul>\n<li>Alta resistencia qu\u00edmica en todas sus partes en contacto con el fluido bombeado.<\/li>\n<li>Accionamiento a motor el\u00e9ctrico rotativo (sin electro im\u00e1n), monof\u00e1sico interno, con protector t\u00e9rmico incorporado, directamente acoplado al reductor a engranajes, lubricado de por vida.<\/li>\n<li>Regulaci\u00f3n continua (no discreta), en \u201ctodo\u201d el rango de regulaci\u00f3n (De 20 a 100 %).<\/li>\n<li>Diafragma especialmente dise\u00f1ado y fabricado en el sistema de moldeo multicapa (PTFE, polietileno clorosulfonados y Nylon), de movimiento senoidal puramente axial (bombeo m\u00e1s suave y mayor vida \u00fatil).<\/li>\n<li>Regulaci\u00f3n de caudal por carrera perdida mediante dial rotativo (operable con la unidad en marcha). Incluye bloqueo de seguridad y tapa de protecci\u00f3n.<\/li>\n<li>Segundo diafragma de protecci\u00f3n: el mismo evita que el fluido bombeado pase hacia las zonas de mecanismo no aptas para resistir qu\u00edmicamente, ante la eventual falla del diafragma principal o sea el de bombeo.<\/li>\n<\/ul>\n","protected":false},"excerpt":{"rendered":"<p>Bombas dosificadoras Milenio Dosivac Han sido especialmente dise\u00f1adas y desarrolladas para satisfacer los requerimientos actuales de funcionalidad, econom\u00eda de espacio y necesidad de lograr la respuesta m\u00e1s adecuada a bajo costo y m\u00ednimo mantenimiento. &nbsp; Caracter\u00edsticas: Alta resistencia qu\u00edmica en todas sus partes en contacto con el fluido bombeado. Accionamiento a motor el\u00e9ctrico rotativo (sin [&hellip;]<\/p>\n","protected":false},"featured_media":781,"template":"","meta":{"_joinchat":[]},"product_brand":[],"product_cat":[21],"product_tag":[27,75,73,26,74],"class_list":{"0":"post-777","1":"product","2":"type-product","3":"status-publish","4":"has-post-thumbnail","6":"product_cat-bombas","7":"product_tag-bombas","8":"product_tag-dosificadoras","9":"product_tag-dosivac","10":"product_tag-electrobombas","11":"product_tag-milenio","13":"first","14":"instock","15":"shipping-taxable","16":"product-type-simple"},"yoast_head":"<!-- This site is optimized with the Yoast SEO plugin v27.3 - https:\/\/yoast.com\/product\/yoast-seo-wordpress\/ -->\n<title>Bombas dosificadoras Milenio Dosivac - HidroCentro Servicios<\/title>\n<meta name=\"robots\" content=\"index, follow, max-snippet:-1, max-image-preview:large, max-video-preview:-1\" \/>\n<link rel=\"canonical\" href=\"http:\/\/hidrocentro.com.ar\/bombas-agua\/producto\/bombas-dosificadoras-milenio-dosivac\/\" \/>\n<meta property=\"og:locale\" content=\"es_ES\" \/>\n<meta property=\"og:type\" content=\"article\" \/>\n<meta property=\"og:title\" content=\"Bombas dosificadoras Milenio Dosivac - HidroCentro Servicios\" \/>\n<meta property=\"og:description\" content=\"Bombas dosificadoras Milenio Dosivac Han sido especialmente dise\u00f1adas y desarrolladas para satisfacer los requerimientos actuales de funcionalidad, econom\u00eda de espacio y necesidad de lograr la respuesta m\u00e1s adecuada a bajo costo y m\u00ednimo mantenimiento. &nbsp; Caracter\u00edsticas: Alta resistencia qu\u00edmica en todas sus partes en contacto con el fluido bombeado. Accionamiento a motor el\u00e9ctrico rotativo (sin [&hellip;]\" \/>\n<meta property=\"og:url\" content=\"http:\/\/hidrocentro.com.ar\/bombas-agua\/producto\/bombas-dosificadoras-milenio-dosivac\/\" \/>\n<meta property=\"og:site_name\" content=\"HidroCentro Servicios\" \/>\n<meta property=\"article:modified_time\" content=\"2021-04-27T12:41:22+00:00\" \/>\n<meta property=\"og:image\" content=\"http:\/\/hidrocentro.com.ar\/bombas-agua\/wp-content\/uploads\/2021\/04\/bomba-dosificadora-dosivac-milenio-015.jpg\" \/>\n\t<meta property=\"og:image:width\" content=\"370\" \/>\n\t<meta property=\"og:image:height\" content=\"493\" \/>\n\t<meta property=\"og:image:type\" content=\"image\/jpeg\" \/>\n<meta name=\"twitter:card\" content=\"summary_large_image\" \/>\n<meta name=\"twitter:label1\" content=\"Tiempo de lectura\" \/>\n\t<meta name=\"twitter:data1\" content=\"1 minuto\" \/>\n<script type=\"application\/ld+json\" class=\"yoast-schema-graph\">{\"@context\":\"https:\\\/\\\/schema.org\",\"@graph\":[{\"@type\":\"WebPage\",\"@id\":\"http:\\\/\\\/hidrocentro.com.ar\\\/bombas-agua\\\/producto\\\/bombas-dosificadoras-milenio-dosivac\\\/\",\"url\":\"http:\\\/\\\/hidrocentro.com.ar\\\/bombas-agua\\\/producto\\\/bombas-dosificadoras-milenio-dosivac\\\/\",\"name\":\"Bombas dosificadoras Milenio Dosivac - HidroCentro Servicios\",\"isPartOf\":{\"@id\":\"http:\\\/\\\/hidrocentro.com.ar\\\/bombas-agua\\\/#website\"},\"primaryImageOfPage\":{\"@id\":\"http:\\\/\\\/hidrocentro.com.ar\\\/bombas-agua\\\/producto\\\/bombas-dosificadoras-milenio-dosivac\\\/#primaryimage\"},\"image\":{\"@id\":\"http:\\\/\\\/hidrocentro.com.ar\\\/bombas-agua\\\/producto\\\/bombas-dosificadoras-milenio-dosivac\\\/#primaryimage\"},\"thumbnailUrl\":\"http:\\\/\\\/hidrocentro.com.ar\\\/bombas-agua\\\/wp-content\\\/uploads\\\/2021\\\/04\\\/bomba-dosificadora-dosivac-milenio-015.jpg\",\"datePublished\":\"2021-04-27T12:07:37+00:00\",\"dateModified\":\"2021-04-27T12:41:22+00:00\",\"breadcrumb\":{\"@id\":\"http:\\\/\\\/hidrocentro.com.ar\\\/bombas-agua\\\/producto\\\/bombas-dosificadoras-milenio-dosivac\\\/#breadcrumb\"},\"inLanguage\":\"es\",\"potentialAction\":[{\"@type\":\"ReadAction\",\"target\":[\"http:\\\/\\\/hidrocentro.com.ar\\\/bombas-agua\\\/producto\\\/bombas-dosificadoras-milenio-dosivac\\\/\"]}]},{\"@type\":\"ImageObject\",\"inLanguage\":\"es\",\"@id\":\"http:\\\/\\\/hidrocentro.com.ar\\\/bombas-agua\\\/producto\\\/bombas-dosificadoras-milenio-dosivac\\\/#primaryimage\",\"url\":\"http:\\\/\\\/hidrocentro.com.ar\\\/bombas-agua\\\/wp-content\\\/uploads\\\/2021\\\/04\\\/bomba-dosificadora-dosivac-milenio-015.jpg\",\"contentUrl\":\"http:\\\/\\\/hidrocentro.com.ar\\\/bombas-agua\\\/wp-content\\\/uploads\\\/2021\\\/04\\\/bomba-dosificadora-dosivac-milenio-015.jpg\",\"width\":370,\"height\":493},{\"@type\":\"BreadcrumbList\",\"@id\":\"http:\\\/\\\/hidrocentro.com.ar\\\/bombas-agua\\\/producto\\\/bombas-dosificadoras-milenio-dosivac\\\/#breadcrumb\",\"itemListElement\":[{\"@type\":\"ListItem\",\"position\":1,\"name\":\"Tienda\",\"item\":\"http:\\\/\\\/hidrocentro.com.ar\\\/bombas-agua\\\/tienda\\\/\"},{\"@type\":\"ListItem\",\"position\":2,\"name\":\"Bombas dosificadoras Milenio Dosivac\"}]},{\"@type\":\"WebSite\",\"@id\":\"http:\\\/\\\/hidrocentro.com.ar\\\/bombas-agua\\\/#website\",\"url\":\"http:\\\/\\\/hidrocentro.com.ar\\\/bombas-agua\\\/\",\"name\":\"HidroCentro Servicios\",\"description\":\"Venta y asesoramiento en Bombas\",\"publisher\":{\"@id\":\"http:\\\/\\\/hidrocentro.com.ar\\\/bombas-agua\\\/#organization\"},\"potentialAction\":[{\"@type\":\"SearchAction\",\"target\":{\"@type\":\"EntryPoint\",\"urlTemplate\":\"http:\\\/\\\/hidrocentro.com.ar\\\/bombas-agua\\\/?s={search_term_string}\"},\"query-input\":{\"@type\":\"PropertyValueSpecification\",\"valueRequired\":true,\"valueName\":\"search_term_string\"}}],\"inLanguage\":\"es\"},{\"@type\":\"Organization\",\"@id\":\"http:\\\/\\\/hidrocentro.com.ar\\\/bombas-agua\\\/#organization\",\"name\":\"HidroCentro Servicios\",\"url\":\"http:\\\/\\\/hidrocentro.com.ar\\\/bombas-agua\\\/\",\"logo\":{\"@type\":\"ImageObject\",\"inLanguage\":\"es\",\"@id\":\"http:\\\/\\\/hidrocentro.com.ar\\\/bombas-agua\\\/#\\\/schema\\\/logo\\\/image\\\/\",\"url\":\"http:\\\/\\\/hidrocentro.com.ar\\\/bombas-agua\\\/wp-content\\\/uploads\\\/2020\\\/09\\\/cropped-logo4.png\",\"contentUrl\":\"http:\\\/\\\/hidrocentro.com.ar\\\/bombas-agua\\\/wp-content\\\/uploads\\\/2020\\\/09\\\/cropped-logo4.png\",\"width\":249,\"height\":108,\"caption\":\"HidroCentro Servicios\"},\"image\":{\"@id\":\"http:\\\/\\\/hidrocentro.com.ar\\\/bombas-agua\\\/#\\\/schema\\\/logo\\\/image\\\/\"}}]}<\/script>\n<!-- \/ Yoast SEO plugin. -->","yoast_head_json":{"title":"Bombas dosificadoras Milenio Dosivac - HidroCentro Servicios","robots":{"index":"index","follow":"follow","max-snippet":"max-snippet:-1","max-image-preview":"max-image-preview:large","max-video-preview":"max-video-preview:-1"},"canonical":"http:\/\/hidrocentro.com.ar\/bombas-agua\/producto\/bombas-dosificadoras-milenio-dosivac\/","og_locale":"es_ES","og_type":"article","og_title":"Bombas dosificadoras Milenio Dosivac - HidroCentro Servicios","og_description":"Bombas dosificadoras Milenio Dosivac Han sido especialmente dise\u00f1adas y desarrolladas para satisfacer los requerimientos actuales de funcionalidad, econom\u00eda de espacio y necesidad de lograr la respuesta m\u00e1s adecuada a bajo costo y m\u00ednimo mantenimiento. &nbsp; Caracter\u00edsticas: Alta resistencia qu\u00edmica en todas sus partes en contacto con el fluido bombeado. Accionamiento a motor el\u00e9ctrico rotativo (sin [&hellip;]","og_url":"http:\/\/hidrocentro.com.ar\/bombas-agua\/producto\/bombas-dosificadoras-milenio-dosivac\/","og_site_name":"HidroCentro Servicios","article_modified_time":"2021-04-27T12:41:22+00:00","og_image":[{"width":370,"height":493,"url":"http:\/\/hidrocentro.com.ar\/bombas-agua\/wp-content\/uploads\/2021\/04\/bomba-dosificadora-dosivac-milenio-015.jpg","type":"image\/jpeg"}],"twitter_card":"summary_large_image","twitter_misc":{"Tiempo de lectura":"1 minuto"},"schema":{"@context":"https:\/\/schema.org","@graph":[{"@type":"WebPage","@id":"http:\/\/hidrocentro.com.ar\/bombas-agua\/producto\/bombas-dosificadoras-milenio-dosivac\/","url":"http:\/\/hidrocentro.com.ar\/bombas-agua\/producto\/bombas-dosificadoras-milenio-dosivac\/","name":"Bombas dosificadoras Milenio Dosivac - HidroCentro Servicios","isPartOf":{"@id":"http:\/\/hidrocentro.com.ar\/bombas-agua\/#website"},"primaryImageOfPage":{"@id":"http:\/\/hidrocentro.com.ar\/bombas-agua\/producto\/bombas-dosificadoras-milenio-dosivac\/#primaryimage"},"image":{"@id":"http:\/\/hidrocentro.com.ar\/bombas-agua\/producto\/bombas-dosificadoras-milenio-dosivac\/#primaryimage"},"thumbnailUrl":"http:\/\/hidrocentro.com.ar\/bombas-agua\/wp-content\/uploads\/2021\/04\/bomba-dosificadora-dosivac-milenio-015.jpg","datePublished":"2021-04-27T12:07:37+00:00","dateModified":"2021-04-27T12:41:22+00:00","breadcrumb":{"@id":"http:\/\/hidrocentro.com.ar\/bombas-agua\/producto\/bombas-dosificadoras-milenio-dosivac\/#breadcrumb"},"inLanguage":"es","potentialAction":[{"@type":"ReadAction","target":["http:\/\/hidrocentro.com.ar\/bombas-agua\/producto\/bombas-dosificadoras-milenio-dosivac\/"]}]},{"@type":"ImageObject","inLanguage":"es","@id":"http:\/\/hidrocentro.com.ar\/bombas-agua\/producto\/bombas-dosificadoras-milenio-dosivac\/#primaryimage","url":"http:\/\/hidrocentro.com.ar\/bombas-agua\/wp-content\/uploads\/2021\/04\/bomba-dosificadora-dosivac-milenio-015.jpg","contentUrl":"http:\/\/hidrocentro.com.ar\/bombas-agua\/wp-content\/uploads\/2021\/04\/bomba-dosificadora-dosivac-milenio-015.jpg","width":370,"height":493},{"@type":"BreadcrumbList","@id":"http:\/\/hidrocentro.com.ar\/bombas-agua\/producto\/bombas-dosificadoras-milenio-dosivac\/#breadcrumb","itemListElement":[{"@type":"ListItem","position":1,"name":"Tienda","item":"http:\/\/hidrocentro.com.ar\/bombas-agua\/tienda\/"},{"@type":"ListItem","position":2,"name":"Bombas dosificadoras Milenio Dosivac"}]},{"@type":"WebSite","@id":"http:\/\/hidrocentro.com.ar\/bombas-agua\/#website","url":"http:\/\/hidrocentro.com.ar\/bombas-agua\/","name":"HidroCentro Servicios","description":"Venta y asesoramiento en Bombas","publisher":{"@id":"http:\/\/hidrocentro.com.ar\/bombas-agua\/#organization"},"potentialAction":[{"@type":"SearchAction","target":{"@type":"EntryPoint","urlTemplate":"http:\/\/hidrocentro.com.ar\/bombas-agua\/?s={search_term_string}"},"query-input":{"@type":"PropertyValueSpecification","valueRequired":true,"valueName":"search_term_string"}}],"inLanguage":"es"},{"@type":"Organization","@id":"http:\/\/hidrocentro.com.ar\/bombas-agua\/#organization","name":"HidroCentro Servicios","url":"http:\/\/hidrocentro.com.ar\/bombas-agua\/","logo":{"@type":"ImageObject","inLanguage":"es","@id":"http:\/\/hidrocentro.com.ar\/bombas-agua\/#\/schema\/logo\/image\/","url":"http:\/\/hidrocentro.com.ar\/bombas-agua\/wp-content\/uploads\/2020\/09\/cropped-logo4.png","contentUrl":"http:\/\/hidrocentro.com.ar\/bombas-agua\/wp-content\/uploads\/2020\/09\/cropped-logo4.png","width":249,"height":108,"caption":"HidroCentro Servicios"},"image":{"@id":"http:\/\/hidrocentro.com.ar\/bombas-agua\/#\/schema\/logo\/image\/"}}]}},"jetpack_sharing_enabled":true,"_links":{"self":[{"href":"http:\/\/hidrocentro.com.ar\/bombas-agua\/wp-json\/wp\/v2\/product\/777","targetHints":{"allow":["GET"]}}],"collection":[{"href":"http:\/\/hidrocentro.com.ar\/bombas-agua\/wp-json\/wp\/v2\/product"}],"about":[{"href":"http:\/\/hidrocentro.com.ar\/bombas-agua\/wp-json\/wp\/v2\/types\/product"}],"wp:featuredmedia":[{"embeddable":true,"href":"http:\/\/hidrocentro.com.ar\/bombas-agua\/wp-json\/wp\/v2\/media\/781"}],"wp:attachment":[{"href":"http:\/\/hidrocentro.com.ar\/bombas-agua\/wp-json\/wp\/v2\/media?parent=777"}],"wp:term":[{"taxonomy":"product_brand","embeddable":true,"href":"http:\/\/hidrocentro.com.ar\/bombas-agua\/wp-json\/wp\/v2\/product_brand?post=777"},{"taxonomy":"product_cat","embeddable":true,"href":"http:\/\/hidrocentro.com.ar\/bombas-agua\/wp-json\/wp\/v2\/product_cat?post=777"},{"taxonomy":"product_tag","embeddable":true,"href":"http:\/\/hidrocentro.com.ar\/bombas-agua\/wp-json\/wp\/v2\/product_tag?post=777"}],"curies":[{"name":"wp","href":"https:\/\/api.w.org\/{rel}","templated":true}]}}