{"id":432,"date":"2021-04-13T14:57:19","date_gmt":"2021-04-13T14:57:19","guid":{"rendered":"http:\/\/hidrocentro.com.ar\/bombas-agua\/?post_type=product&#038;p=432"},"modified":"2021-04-13T14:59:00","modified_gmt":"2021-04-13T14:59:00","slug":"bomba-domo-7-b-lowara","status":"publish","type":"product","link":"http:\/\/hidrocentro.com.ar\/bombas-agua\/producto\/bomba-domo-7-b-lowara\/","title":{"rendered":"Bomba DOMO 7\/B GT Lowara"},"content":{"rendered":"<p><strong>Bomba DOMO 7\/B GT Lowara<\/strong><\/p>\n<p>Bomba de desagote cloacal, dise\u00f1ada para procesar s\u00f3lidos suspendidos de hasta 50 mm de di\u00e1metro (35 mm para DOMO 7 y DOMO 7VX).<\/p>\n<p><strong><u>ESPECIFICACIONES DE LA L\u00cdNEA:<\/u><\/strong><\/p>\n<ul>\n<li>Caudal: m\u00e1x. 40 m\u00b3\/h<\/li>\n<li>Altura: m\u00e1x. 14,5 m<\/li>\n<li>Rango: 0,37 \u2013 1,5 kW (0,5 \u2013 2 Hp)<\/li>\n<li>Inmersi\u00f3n m\u00e1xima: 5 metros<\/li>\n<li>Pasaje de s\u00f3lidos 35\/50 mm<\/li>\n<li>Temperatura del l\u00edquido: 35\u00b0C<\/li>\n<\/ul>\n<p>&nbsp;<\/p>\n<p><strong><u>APLICACIONES:<\/u><\/strong><\/p>\n<ul>\n<li>Bombeo de efluentes (modelo VX maneja tambi\u00e9n filamentos suspendidos).<\/li>\n<li>Vaciado de fosas s\u00e9pticas y sumideros residenciales.<\/li>\n<li>Drenaje de s\u00f3tanos inundados y garajes<\/li>\n<\/ul>\n","protected":false},"excerpt":{"rendered":"<p>Bomba DOMO 7\/B GT Lowara Bomba de desagote cloacal, dise\u00f1ada para procesar s\u00f3lidos suspendidos de hasta 50 mm de di\u00e1metro (35 mm para DOMO 7 y DOMO 7VX). ESPECIFICACIONES DE LA L\u00cdNEA: Caudal: m\u00e1x. 40 m\u00b3\/h Altura: m\u00e1x. 14,5 m Rango: 0,37 \u2013 1,5 kW (0,5 \u2013 2 Hp) Inmersi\u00f3n m\u00e1xima: 5 metros Pasaje de [&hellip;]<\/p>\n","protected":false},"featured_media":433,"template":"","meta":{"_joinchat":[]},"product_brand":[],"product_cat":[21],"product_tag":[63,27,26,68],"class_list":{"0":"post-432","1":"product","2":"type-product","3":"status-publish","4":"has-post-thumbnail","6":"product_cat-bombas","7":"product_tag-agua","8":"product_tag-bombas","9":"product_tag-electrobombas","10":"product_tag-lowara","12":"first","13":"instock","14":"shipping-taxable","15":"product-type-simple"},"yoast_head":"<!-- This site is optimized with the Yoast SEO plugin v27.5 - https:\/\/yoast.com\/product\/yoast-seo-wordpress\/ -->\n<title>Bomba DOMO 7\/B GT Lowara - HidroCentro Servicios<\/title>\n<meta name=\"robots\" content=\"index, follow, max-snippet:-1, max-image-preview:large, max-video-preview:-1\" \/>\n<link rel=\"canonical\" href=\"http:\/\/hidrocentro.com.ar\/bombas-agua\/producto\/bomba-domo-7-b-lowara\/\" \/>\n<meta property=\"og:locale\" content=\"es_ES\" \/>\n<meta property=\"og:type\" content=\"article\" \/>\n<meta property=\"og:title\" content=\"Bomba DOMO 7\/B GT Lowara - HidroCentro Servicios\" \/>\n<meta property=\"og:description\" content=\"Bomba DOMO 7\/B GT Lowara Bomba de desagote cloacal, dise\u00f1ada para procesar s\u00f3lidos suspendidos de hasta 50 mm de di\u00e1metro (35 mm para DOMO 7 y DOMO 7VX). ESPECIFICACIONES DE LA L\u00cdNEA: Caudal: m\u00e1x. 40 m\u00b3\/h Altura: m\u00e1x. 14,5 m Rango: 0,37 \u2013 1,5 kW (0,5 \u2013 2 Hp) Inmersi\u00f3n m\u00e1xima: 5 metros Pasaje de [&hellip;]\" \/>\n<meta property=\"og:url\" content=\"http:\/\/hidrocentro.com.ar\/bombas-agua\/producto\/bomba-domo-7-b-lowara\/\" \/>\n<meta property=\"og:site_name\" content=\"HidroCentro Servicios\" \/>\n<meta property=\"article:modified_time\" content=\"2021-04-13T14:59:00+00:00\" \/>\n<meta property=\"og:image\" content=\"http:\/\/hidrocentro.com.ar\/bombas-agua\/wp-content\/uploads\/2021\/04\/41eb6c1d7f8b820d8139bad276162fe3cce036cf.jpg\" \/>\n\t<meta property=\"og:image:width\" content=\"465\" \/>\n\t<meta property=\"og:image:height\" content=\"465\" \/>\n\t<meta property=\"og:image:type\" content=\"image\/jpeg\" \/>\n<meta name=\"twitter:card\" content=\"summary_large_image\" \/>\n<meta name=\"twitter:label1\" content=\"Tiempo de lectura\" \/>\n\t<meta name=\"twitter:data1\" content=\"1 minuto\" \/>\n<script type=\"application\/ld+json\" class=\"yoast-schema-graph\">{\"@context\":\"https:\\\/\\\/schema.org\",\"@graph\":[{\"@type\":\"WebPage\",\"@id\":\"http:\\\/\\\/hidrocentro.com.ar\\\/bombas-agua\\\/producto\\\/bomba-domo-7-b-lowara\\\/\",\"url\":\"http:\\\/\\\/hidrocentro.com.ar\\\/bombas-agua\\\/producto\\\/bomba-domo-7-b-lowara\\\/\",\"name\":\"Bomba DOMO 7\\\/B GT Lowara - HidroCentro Servicios\",\"isPartOf\":{\"@id\":\"http:\\\/\\\/hidrocentro.com.ar\\\/bombas-agua\\\/#website\"},\"primaryImageOfPage\":{\"@id\":\"http:\\\/\\\/hidrocentro.com.ar\\\/bombas-agua\\\/producto\\\/bomba-domo-7-b-lowara\\\/#primaryimage\"},\"image\":{\"@id\":\"http:\\\/\\\/hidrocentro.com.ar\\\/bombas-agua\\\/producto\\\/bomba-domo-7-b-lowara\\\/#primaryimage\"},\"thumbnailUrl\":\"http:\\\/\\\/hidrocentro.com.ar\\\/bombas-agua\\\/wp-content\\\/uploads\\\/2021\\\/04\\\/41eb6c1d7f8b820d8139bad276162fe3cce036cf.jpg\",\"datePublished\":\"2021-04-13T14:57:19+00:00\",\"dateModified\":\"2021-04-13T14:59:00+00:00\",\"breadcrumb\":{\"@id\":\"http:\\\/\\\/hidrocentro.com.ar\\\/bombas-agua\\\/producto\\\/bomba-domo-7-b-lowara\\\/#breadcrumb\"},\"inLanguage\":\"es\",\"potentialAction\":[{\"@type\":\"ReadAction\",\"target\":[\"http:\\\/\\\/hidrocentro.com.ar\\\/bombas-agua\\\/producto\\\/bomba-domo-7-b-lowara\\\/\"]}]},{\"@type\":\"ImageObject\",\"inLanguage\":\"es\",\"@id\":\"http:\\\/\\\/hidrocentro.com.ar\\\/bombas-agua\\\/producto\\\/bomba-domo-7-b-lowara\\\/#primaryimage\",\"url\":\"http:\\\/\\\/hidrocentro.com.ar\\\/bombas-agua\\\/wp-content\\\/uploads\\\/2021\\\/04\\\/41eb6c1d7f8b820d8139bad276162fe3cce036cf.jpg\",\"contentUrl\":\"http:\\\/\\\/hidrocentro.com.ar\\\/bombas-agua\\\/wp-content\\\/uploads\\\/2021\\\/04\\\/41eb6c1d7f8b820d8139bad276162fe3cce036cf.jpg\",\"width\":465,\"height\":465},{\"@type\":\"BreadcrumbList\",\"@id\":\"http:\\\/\\\/hidrocentro.com.ar\\\/bombas-agua\\\/producto\\\/bomba-domo-7-b-lowara\\\/#breadcrumb\",\"itemListElement\":[{\"@type\":\"ListItem\",\"position\":1,\"name\":\"Tienda\",\"item\":\"http:\\\/\\\/hidrocentro.com.ar\\\/bombas-agua\\\/tienda\\\/\"},{\"@type\":\"ListItem\",\"position\":2,\"name\":\"Bomba DOMO 7\\\/B GT Lowara\"}]},{\"@type\":\"WebSite\",\"@id\":\"http:\\\/\\\/hidrocentro.com.ar\\\/bombas-agua\\\/#website\",\"url\":\"http:\\\/\\\/hidrocentro.com.ar\\\/bombas-agua\\\/\",\"name\":\"HidroCentro Servicios\",\"description\":\"Venta y asesoramiento en Bombas\",\"publisher\":{\"@id\":\"http:\\\/\\\/hidrocentro.com.ar\\\/bombas-agua\\\/#organization\"},\"potentialAction\":[{\"@type\":\"SearchAction\",\"target\":{\"@type\":\"EntryPoint\",\"urlTemplate\":\"http:\\\/\\\/hidrocentro.com.ar\\\/bombas-agua\\\/?s={search_term_string}\"},\"query-input\":{\"@type\":\"PropertyValueSpecification\",\"valueRequired\":true,\"valueName\":\"search_term_string\"}}],\"inLanguage\":\"es\"},{\"@type\":\"Organization\",\"@id\":\"http:\\\/\\\/hidrocentro.com.ar\\\/bombas-agua\\\/#organization\",\"name\":\"HidroCentro Servicios\",\"url\":\"http:\\\/\\\/hidrocentro.com.ar\\\/bombas-agua\\\/\",\"logo\":{\"@type\":\"ImageObject\",\"inLanguage\":\"es\",\"@id\":\"http:\\\/\\\/hidrocentro.com.ar\\\/bombas-agua\\\/#\\\/schema\\\/logo\\\/image\\\/\",\"url\":\"http:\\\/\\\/hidrocentro.com.ar\\\/bombas-agua\\\/wp-content\\\/uploads\\\/2020\\\/09\\\/cropped-logo4.png\",\"contentUrl\":\"http:\\\/\\\/hidrocentro.com.ar\\\/bombas-agua\\\/wp-content\\\/uploads\\\/2020\\\/09\\\/cropped-logo4.png\",\"width\":249,\"height\":108,\"caption\":\"HidroCentro Servicios\"},\"image\":{\"@id\":\"http:\\\/\\\/hidrocentro.com.ar\\\/bombas-agua\\\/#\\\/schema\\\/logo\\\/image\\\/\"}}]}<\/script>\n<!-- \/ Yoast SEO plugin. -->","yoast_head_json":{"title":"Bomba DOMO 7\/B GT Lowara - HidroCentro Servicios","robots":{"index":"index","follow":"follow","max-snippet":"max-snippet:-1","max-image-preview":"max-image-preview:large","max-video-preview":"max-video-preview:-1"},"canonical":"http:\/\/hidrocentro.com.ar\/bombas-agua\/producto\/bomba-domo-7-b-lowara\/","og_locale":"es_ES","og_type":"article","og_title":"Bomba DOMO 7\/B GT Lowara - HidroCentro Servicios","og_description":"Bomba DOMO 7\/B GT Lowara Bomba de desagote cloacal, dise\u00f1ada para procesar s\u00f3lidos suspendidos de hasta 50 mm de di\u00e1metro (35 mm para DOMO 7 y DOMO 7VX). ESPECIFICACIONES DE LA L\u00cdNEA: Caudal: m\u00e1x. 40 m\u00b3\/h Altura: m\u00e1x. 14,5 m Rango: 0,37 \u2013 1,5 kW (0,5 \u2013 2 Hp) Inmersi\u00f3n m\u00e1xima: 5 metros Pasaje de [&hellip;]","og_url":"http:\/\/hidrocentro.com.ar\/bombas-agua\/producto\/bomba-domo-7-b-lowara\/","og_site_name":"HidroCentro Servicios","article_modified_time":"2021-04-13T14:59:00+00:00","og_image":[{"width":465,"height":465,"url":"http:\/\/hidrocentro.com.ar\/bombas-agua\/wp-content\/uploads\/2021\/04\/41eb6c1d7f8b820d8139bad276162fe3cce036cf.jpg","type":"image\/jpeg"}],"twitter_card":"summary_large_image","twitter_misc":{"Tiempo de lectura":"1 minuto"},"schema":{"@context":"https:\/\/schema.org","@graph":[{"@type":"WebPage","@id":"http:\/\/hidrocentro.com.ar\/bombas-agua\/producto\/bomba-domo-7-b-lowara\/","url":"http:\/\/hidrocentro.com.ar\/bombas-agua\/producto\/bomba-domo-7-b-lowara\/","name":"Bomba DOMO 7\/B GT Lowara - HidroCentro Servicios","isPartOf":{"@id":"http:\/\/hidrocentro.com.ar\/bombas-agua\/#website"},"primaryImageOfPage":{"@id":"http:\/\/hidrocentro.com.ar\/bombas-agua\/producto\/bomba-domo-7-b-lowara\/#primaryimage"},"image":{"@id":"http:\/\/hidrocentro.com.ar\/bombas-agua\/producto\/bomba-domo-7-b-lowara\/#primaryimage"},"thumbnailUrl":"http:\/\/hidrocentro.com.ar\/bombas-agua\/wp-content\/uploads\/2021\/04\/41eb6c1d7f8b820d8139bad276162fe3cce036cf.jpg","datePublished":"2021-04-13T14:57:19+00:00","dateModified":"2021-04-13T14:59:00+00:00","breadcrumb":{"@id":"http:\/\/hidrocentro.com.ar\/bombas-agua\/producto\/bomba-domo-7-b-lowara\/#breadcrumb"},"inLanguage":"es","potentialAction":[{"@type":"ReadAction","target":["http:\/\/hidrocentro.com.ar\/bombas-agua\/producto\/bomba-domo-7-b-lowara\/"]}]},{"@type":"ImageObject","inLanguage":"es","@id":"http:\/\/hidrocentro.com.ar\/bombas-agua\/producto\/bomba-domo-7-b-lowara\/#primaryimage","url":"http:\/\/hidrocentro.com.ar\/bombas-agua\/wp-content\/uploads\/2021\/04\/41eb6c1d7f8b820d8139bad276162fe3cce036cf.jpg","contentUrl":"http:\/\/hidrocentro.com.ar\/bombas-agua\/wp-content\/uploads\/2021\/04\/41eb6c1d7f8b820d8139bad276162fe3cce036cf.jpg","width":465,"height":465},{"@type":"BreadcrumbList","@id":"http:\/\/hidrocentro.com.ar\/bombas-agua\/producto\/bomba-domo-7-b-lowara\/#breadcrumb","itemListElement":[{"@type":"ListItem","position":1,"name":"Tienda","item":"http:\/\/hidrocentro.com.ar\/bombas-agua\/tienda\/"},{"@type":"ListItem","position":2,"name":"Bomba DOMO 7\/B GT Lowara"}]},{"@type":"WebSite","@id":"http:\/\/hidrocentro.com.ar\/bombas-agua\/#website","url":"http:\/\/hidrocentro.com.ar\/bombas-agua\/","name":"HidroCentro Servicios","description":"Venta y asesoramiento en Bombas","publisher":{"@id":"http:\/\/hidrocentro.com.ar\/bombas-agua\/#organization"},"potentialAction":[{"@type":"SearchAction","target":{"@type":"EntryPoint","urlTemplate":"http:\/\/hidrocentro.com.ar\/bombas-agua\/?s={search_term_string}"},"query-input":{"@type":"PropertyValueSpecification","valueRequired":true,"valueName":"search_term_string"}}],"inLanguage":"es"},{"@type":"Organization","@id":"http:\/\/hidrocentro.com.ar\/bombas-agua\/#organization","name":"HidroCentro Servicios","url":"http:\/\/hidrocentro.com.ar\/bombas-agua\/","logo":{"@type":"ImageObject","inLanguage":"es","@id":"http:\/\/hidrocentro.com.ar\/bombas-agua\/#\/schema\/logo\/image\/","url":"http:\/\/hidrocentro.com.ar\/bombas-agua\/wp-content\/uploads\/2020\/09\/cropped-logo4.png","contentUrl":"http:\/\/hidrocentro.com.ar\/bombas-agua\/wp-content\/uploads\/2020\/09\/cropped-logo4.png","width":249,"height":108,"caption":"HidroCentro Servicios"},"image":{"@id":"http:\/\/hidrocentro.com.ar\/bombas-agua\/#\/schema\/logo\/image\/"}}]}},"jetpack_sharing_enabled":true,"_links":{"self":[{"href":"http:\/\/hidrocentro.com.ar\/bombas-agua\/wp-json\/wp\/v2\/product\/432","targetHints":{"allow":["GET"]}}],"collection":[{"href":"http:\/\/hidrocentro.com.ar\/bombas-agua\/wp-json\/wp\/v2\/product"}],"about":[{"href":"http:\/\/hidrocentro.com.ar\/bombas-agua\/wp-json\/wp\/v2\/types\/product"}],"wp:featuredmedia":[{"embeddable":true,"href":"http:\/\/hidrocentro.com.ar\/bombas-agua\/wp-json\/wp\/v2\/media\/433"}],"wp:attachment":[{"href":"http:\/\/hidrocentro.com.ar\/bombas-agua\/wp-json\/wp\/v2\/media?parent=432"}],"wp:term":[{"taxonomy":"product_brand","embeddable":true,"href":"http:\/\/hidrocentro.com.ar\/bombas-agua\/wp-json\/wp\/v2\/product_brand?post=432"},{"taxonomy":"product_cat","embeddable":true,"href":"http:\/\/hidrocentro.com.ar\/bombas-agua\/wp-json\/wp\/v2\/product_cat?post=432"},{"taxonomy":"product_tag","embeddable":true,"href":"http:\/\/hidrocentro.com.ar\/bombas-agua\/wp-json\/wp\/v2\/product_tag?post=432"}],"curies":[{"name":"wp","href":"https:\/\/api.w.org\/{rel}","templated":true}]}}