{"id":412,"date":"2021-04-12T12:47:51","date_gmt":"2021-04-12T12:47:51","guid":{"rendered":"http:\/\/hidrocentro.com.ar\/bombas-agua\/?post_type=product&#038;p=412"},"modified":"2021-04-12T12:49:07","modified_gmt":"2021-04-12T12:49:07","slug":"bomba-sumergible-dw-motorarg","status":"publish","type":"product","link":"http:\/\/hidrocentro.com.ar\/bombas-agua\/producto\/bomba-sumergible-dw-motorarg\/","title":{"rendered":"Bomba sumergible p\u00f3rtatil L\u00ednea DW Motorarg"},"content":{"rendered":"<p><strong>Bomba sumergible p\u00f3rtatil L\u00ednea DW Motorarg<\/strong><\/p>\n<p>Brinda una \u00f3ptima prestaci\u00f3n hidr\u00e1ulica en el bombeo de aguas cargadas con s\u00f3lidos en suspensi\u00f3n hasta 40 mm de di\u00e1metro. Es apta para el bombeo en sumideros, desag\u00fces pluviales, garajes, s\u00f3tanos, piscinas, etc., sumergi\u00e9ndola directamente en el lugar a desagotar.<\/p>\n<ul>\n<li>Tipo de agua: Sucia con s\u00f3lidos hasta \u00d8 40 mm<\/li>\n<li>Instalaci\u00f3n: Pozo, Obra, Sumidero, etc.<\/li>\n<li>Uso: Dom\u00e9stico- Agr\u00edcola- Industrial- Construcci\u00f3n Civil<\/li>\n<li>Cuerpo bomba, carcaza e impulsor en hierro fundido<\/li>\n<li>Eje de acero inoxidable<\/li>\n<li>Doble sello mec\u00e1nico de carburo de silicio.<\/li>\n<li>Motor aislaci\u00f3n clase B \u2013 IP 58<\/li>\n<li>Temperatura del fluido hasta + 35\u00baC<\/li>\n<li>M\u00e1ximo nivel de profundidad bajo el agua hasta 5 metros<\/li>\n<li>Sumergencia m\u00ednima 400 mm<\/li>\n<\/ul>\n","protected":false},"excerpt":{"rendered":"<p>Bomba sumergible p\u00f3rtatil L\u00ednea DW Motorarg Brinda una \u00f3ptima prestaci\u00f3n hidr\u00e1ulica en el bombeo de aguas cargadas con s\u00f3lidos en suspensi\u00f3n hasta 40 mm de di\u00e1metro. Es apta para el bombeo en sumideros, desag\u00fces pluviales, garajes, s\u00f3tanos, piscinas, etc., sumergi\u00e9ndola directamente en el lugar a desagotar. Tipo de agua: Sucia con s\u00f3lidos hasta \u00d8 40 [&hellip;]<\/p>\n","protected":false},"featured_media":414,"template":"","meta":{"_joinchat":[]},"product_brand":[],"product_cat":[21],"product_tag":[63,27,65,26,62,64],"class_list":{"0":"post-412","1":"product","2":"type-product","3":"status-publish","4":"has-post-thumbnail","6":"product_cat-bombas","7":"product_tag-agua","8":"product_tag-bombas","9":"product_tag-desagote","10":"product_tag-electrobombas","11":"product_tag-motorarg","12":"product_tag-sumergible","14":"first","15":"instock","16":"shipping-taxable","17":"product-type-simple"},"yoast_head":"<!-- This site is optimized with the Yoast SEO plugin v27.5 - https:\/\/yoast.com\/product\/yoast-seo-wordpress\/ -->\n<title>Bomba sumergible p\u00f3rtatil L\u00ednea DW Motorarg - HidroCentro Servicios<\/title>\n<meta name=\"robots\" content=\"index, follow, max-snippet:-1, max-image-preview:large, max-video-preview:-1\" \/>\n<link rel=\"canonical\" href=\"http:\/\/hidrocentro.com.ar\/bombas-agua\/producto\/bomba-sumergible-dw-motorarg\/\" \/>\n<meta property=\"og:locale\" content=\"es_ES\" \/>\n<meta property=\"og:type\" content=\"article\" \/>\n<meta property=\"og:title\" content=\"Bomba sumergible p\u00f3rtatil L\u00ednea DW Motorarg - HidroCentro Servicios\" \/>\n<meta property=\"og:description\" content=\"Bomba sumergible p\u00f3rtatil L\u00ednea DW Motorarg Brinda una \u00f3ptima prestaci\u00f3n hidr\u00e1ulica en el bombeo de aguas cargadas con s\u00f3lidos en suspensi\u00f3n hasta 40 mm de di\u00e1metro. Es apta para el bombeo en sumideros, desag\u00fces pluviales, garajes, s\u00f3tanos, piscinas, etc., sumergi\u00e9ndola directamente en el lugar a desagotar. Tipo de agua: Sucia con s\u00f3lidos hasta \u00d8 40 [&hellip;]\" \/>\n<meta property=\"og:url\" content=\"http:\/\/hidrocentro.com.ar\/bombas-agua\/producto\/bomba-sumergible-dw-motorarg\/\" \/>\n<meta property=\"og:site_name\" content=\"HidroCentro Servicios\" \/>\n<meta property=\"article:modified_time\" content=\"2021-04-12T12:49:07+00:00\" \/>\n<meta property=\"og:image\" content=\"http:\/\/hidrocentro.com.ar\/bombas-agua\/wp-content\/uploads\/2021\/04\/DW-367x367-motorarg.jpg\" \/>\n\t<meta property=\"og:image:width\" content=\"367\" \/>\n\t<meta property=\"og:image:height\" content=\"367\" \/>\n\t<meta property=\"og:image:type\" content=\"image\/jpeg\" \/>\n<meta name=\"twitter:card\" content=\"summary_large_image\" \/>\n<meta name=\"twitter:label1\" content=\"Tiempo de lectura\" \/>\n\t<meta name=\"twitter:data1\" content=\"1 minuto\" \/>\n<script type=\"application\/ld+json\" class=\"yoast-schema-graph\">{\"@context\":\"https:\\\/\\\/schema.org\",\"@graph\":[{\"@type\":\"WebPage\",\"@id\":\"http:\\\/\\\/hidrocentro.com.ar\\\/bombas-agua\\\/producto\\\/bomba-sumergible-dw-motorarg\\\/\",\"url\":\"http:\\\/\\\/hidrocentro.com.ar\\\/bombas-agua\\\/producto\\\/bomba-sumergible-dw-motorarg\\\/\",\"name\":\"Bomba sumergible p\u00f3rtatil L\u00ednea DW Motorarg - HidroCentro Servicios\",\"isPartOf\":{\"@id\":\"http:\\\/\\\/hidrocentro.com.ar\\\/bombas-agua\\\/#website\"},\"primaryImageOfPage\":{\"@id\":\"http:\\\/\\\/hidrocentro.com.ar\\\/bombas-agua\\\/producto\\\/bomba-sumergible-dw-motorarg\\\/#primaryimage\"},\"image\":{\"@id\":\"http:\\\/\\\/hidrocentro.com.ar\\\/bombas-agua\\\/producto\\\/bomba-sumergible-dw-motorarg\\\/#primaryimage\"},\"thumbnailUrl\":\"http:\\\/\\\/hidrocentro.com.ar\\\/bombas-agua\\\/wp-content\\\/uploads\\\/2021\\\/04\\\/DW-367x367-motorarg.jpg\",\"datePublished\":\"2021-04-12T12:47:51+00:00\",\"dateModified\":\"2021-04-12T12:49:07+00:00\",\"breadcrumb\":{\"@id\":\"http:\\\/\\\/hidrocentro.com.ar\\\/bombas-agua\\\/producto\\\/bomba-sumergible-dw-motorarg\\\/#breadcrumb\"},\"inLanguage\":\"es\",\"potentialAction\":[{\"@type\":\"ReadAction\",\"target\":[\"http:\\\/\\\/hidrocentro.com.ar\\\/bombas-agua\\\/producto\\\/bomba-sumergible-dw-motorarg\\\/\"]}]},{\"@type\":\"ImageObject\",\"inLanguage\":\"es\",\"@id\":\"http:\\\/\\\/hidrocentro.com.ar\\\/bombas-agua\\\/producto\\\/bomba-sumergible-dw-motorarg\\\/#primaryimage\",\"url\":\"http:\\\/\\\/hidrocentro.com.ar\\\/bombas-agua\\\/wp-content\\\/uploads\\\/2021\\\/04\\\/DW-367x367-motorarg.jpg\",\"contentUrl\":\"http:\\\/\\\/hidrocentro.com.ar\\\/bombas-agua\\\/wp-content\\\/uploads\\\/2021\\\/04\\\/DW-367x367-motorarg.jpg\",\"width\":367,\"height\":367},{\"@type\":\"BreadcrumbList\",\"@id\":\"http:\\\/\\\/hidrocentro.com.ar\\\/bombas-agua\\\/producto\\\/bomba-sumergible-dw-motorarg\\\/#breadcrumb\",\"itemListElement\":[{\"@type\":\"ListItem\",\"position\":1,\"name\":\"Tienda\",\"item\":\"http:\\\/\\\/hidrocentro.com.ar\\\/bombas-agua\\\/tienda\\\/\"},{\"@type\":\"ListItem\",\"position\":2,\"name\":\"Bomba sumergible p\u00f3rtatil L\u00ednea DW Motorarg\"}]},{\"@type\":\"WebSite\",\"@id\":\"http:\\\/\\\/hidrocentro.com.ar\\\/bombas-agua\\\/#website\",\"url\":\"http:\\\/\\\/hidrocentro.com.ar\\\/bombas-agua\\\/\",\"name\":\"HidroCentro Servicios\",\"description\":\"Venta y asesoramiento en Bombas\",\"publisher\":{\"@id\":\"http:\\\/\\\/hidrocentro.com.ar\\\/bombas-agua\\\/#organization\"},\"potentialAction\":[{\"@type\":\"SearchAction\",\"target\":{\"@type\":\"EntryPoint\",\"urlTemplate\":\"http:\\\/\\\/hidrocentro.com.ar\\\/bombas-agua\\\/?s={search_term_string}\"},\"query-input\":{\"@type\":\"PropertyValueSpecification\",\"valueRequired\":true,\"valueName\":\"search_term_string\"}}],\"inLanguage\":\"es\"},{\"@type\":\"Organization\",\"@id\":\"http:\\\/\\\/hidrocentro.com.ar\\\/bombas-agua\\\/#organization\",\"name\":\"HidroCentro Servicios\",\"url\":\"http:\\\/\\\/hidrocentro.com.ar\\\/bombas-agua\\\/\",\"logo\":{\"@type\":\"ImageObject\",\"inLanguage\":\"es\",\"@id\":\"http:\\\/\\\/hidrocentro.com.ar\\\/bombas-agua\\\/#\\\/schema\\\/logo\\\/image\\\/\",\"url\":\"http:\\\/\\\/hidrocentro.com.ar\\\/bombas-agua\\\/wp-content\\\/uploads\\\/2020\\\/09\\\/cropped-logo4.png\",\"contentUrl\":\"http:\\\/\\\/hidrocentro.com.ar\\\/bombas-agua\\\/wp-content\\\/uploads\\\/2020\\\/09\\\/cropped-logo4.png\",\"width\":249,\"height\":108,\"caption\":\"HidroCentro Servicios\"},\"image\":{\"@id\":\"http:\\\/\\\/hidrocentro.com.ar\\\/bombas-agua\\\/#\\\/schema\\\/logo\\\/image\\\/\"}}]}<\/script>\n<!-- \/ Yoast SEO plugin. -->","yoast_head_json":{"title":"Bomba sumergible p\u00f3rtatil L\u00ednea DW Motorarg - HidroCentro Servicios","robots":{"index":"index","follow":"follow","max-snippet":"max-snippet:-1","max-image-preview":"max-image-preview:large","max-video-preview":"max-video-preview:-1"},"canonical":"http:\/\/hidrocentro.com.ar\/bombas-agua\/producto\/bomba-sumergible-dw-motorarg\/","og_locale":"es_ES","og_type":"article","og_title":"Bomba sumergible p\u00f3rtatil L\u00ednea DW Motorarg - HidroCentro Servicios","og_description":"Bomba sumergible p\u00f3rtatil L\u00ednea DW Motorarg Brinda una \u00f3ptima prestaci\u00f3n hidr\u00e1ulica en el bombeo de aguas cargadas con s\u00f3lidos en suspensi\u00f3n hasta 40 mm de di\u00e1metro. Es apta para el bombeo en sumideros, desag\u00fces pluviales, garajes, s\u00f3tanos, piscinas, etc., sumergi\u00e9ndola directamente en el lugar a desagotar. Tipo de agua: Sucia con s\u00f3lidos hasta \u00d8 40 [&hellip;]","og_url":"http:\/\/hidrocentro.com.ar\/bombas-agua\/producto\/bomba-sumergible-dw-motorarg\/","og_site_name":"HidroCentro Servicios","article_modified_time":"2021-04-12T12:49:07+00:00","og_image":[{"width":367,"height":367,"url":"http:\/\/hidrocentro.com.ar\/bombas-agua\/wp-content\/uploads\/2021\/04\/DW-367x367-motorarg.jpg","type":"image\/jpeg"}],"twitter_card":"summary_large_image","twitter_misc":{"Tiempo de lectura":"1 minuto"},"schema":{"@context":"https:\/\/schema.org","@graph":[{"@type":"WebPage","@id":"http:\/\/hidrocentro.com.ar\/bombas-agua\/producto\/bomba-sumergible-dw-motorarg\/","url":"http:\/\/hidrocentro.com.ar\/bombas-agua\/producto\/bomba-sumergible-dw-motorarg\/","name":"Bomba sumergible p\u00f3rtatil L\u00ednea DW Motorarg - HidroCentro Servicios","isPartOf":{"@id":"http:\/\/hidrocentro.com.ar\/bombas-agua\/#website"},"primaryImageOfPage":{"@id":"http:\/\/hidrocentro.com.ar\/bombas-agua\/producto\/bomba-sumergible-dw-motorarg\/#primaryimage"},"image":{"@id":"http:\/\/hidrocentro.com.ar\/bombas-agua\/producto\/bomba-sumergible-dw-motorarg\/#primaryimage"},"thumbnailUrl":"http:\/\/hidrocentro.com.ar\/bombas-agua\/wp-content\/uploads\/2021\/04\/DW-367x367-motorarg.jpg","datePublished":"2021-04-12T12:47:51+00:00","dateModified":"2021-04-12T12:49:07+00:00","breadcrumb":{"@id":"http:\/\/hidrocentro.com.ar\/bombas-agua\/producto\/bomba-sumergible-dw-motorarg\/#breadcrumb"},"inLanguage":"es","potentialAction":[{"@type":"ReadAction","target":["http:\/\/hidrocentro.com.ar\/bombas-agua\/producto\/bomba-sumergible-dw-motorarg\/"]}]},{"@type":"ImageObject","inLanguage":"es","@id":"http:\/\/hidrocentro.com.ar\/bombas-agua\/producto\/bomba-sumergible-dw-motorarg\/#primaryimage","url":"http:\/\/hidrocentro.com.ar\/bombas-agua\/wp-content\/uploads\/2021\/04\/DW-367x367-motorarg.jpg","contentUrl":"http:\/\/hidrocentro.com.ar\/bombas-agua\/wp-content\/uploads\/2021\/04\/DW-367x367-motorarg.jpg","width":367,"height":367},{"@type":"BreadcrumbList","@id":"http:\/\/hidrocentro.com.ar\/bombas-agua\/producto\/bomba-sumergible-dw-motorarg\/#breadcrumb","itemListElement":[{"@type":"ListItem","position":1,"name":"Tienda","item":"http:\/\/hidrocentro.com.ar\/bombas-agua\/tienda\/"},{"@type":"ListItem","position":2,"name":"Bomba sumergible p\u00f3rtatil L\u00ednea DW Motorarg"}]},{"@type":"WebSite","@id":"http:\/\/hidrocentro.com.ar\/bombas-agua\/#website","url":"http:\/\/hidrocentro.com.ar\/bombas-agua\/","name":"HidroCentro Servicios","description":"Venta y asesoramiento en Bombas","publisher":{"@id":"http:\/\/hidrocentro.com.ar\/bombas-agua\/#organization"},"potentialAction":[{"@type":"SearchAction","target":{"@type":"EntryPoint","urlTemplate":"http:\/\/hidrocentro.com.ar\/bombas-agua\/?s={search_term_string}"},"query-input":{"@type":"PropertyValueSpecification","valueRequired":true,"valueName":"search_term_string"}}],"inLanguage":"es"},{"@type":"Organization","@id":"http:\/\/hidrocentro.com.ar\/bombas-agua\/#organization","name":"HidroCentro Servicios","url":"http:\/\/hidrocentro.com.ar\/bombas-agua\/","logo":{"@type":"ImageObject","inLanguage":"es","@id":"http:\/\/hidrocentro.com.ar\/bombas-agua\/#\/schema\/logo\/image\/","url":"http:\/\/hidrocentro.com.ar\/bombas-agua\/wp-content\/uploads\/2020\/09\/cropped-logo4.png","contentUrl":"http:\/\/hidrocentro.com.ar\/bombas-agua\/wp-content\/uploads\/2020\/09\/cropped-logo4.png","width":249,"height":108,"caption":"HidroCentro Servicios"},"image":{"@id":"http:\/\/hidrocentro.com.ar\/bombas-agua\/#\/schema\/logo\/image\/"}}]}},"jetpack_sharing_enabled":true,"_links":{"self":[{"href":"http:\/\/hidrocentro.com.ar\/bombas-agua\/wp-json\/wp\/v2\/product\/412","targetHints":{"allow":["GET"]}}],"collection":[{"href":"http:\/\/hidrocentro.com.ar\/bombas-agua\/wp-json\/wp\/v2\/product"}],"about":[{"href":"http:\/\/hidrocentro.com.ar\/bombas-agua\/wp-json\/wp\/v2\/types\/product"}],"wp:featuredmedia":[{"embeddable":true,"href":"http:\/\/hidrocentro.com.ar\/bombas-agua\/wp-json\/wp\/v2\/media\/414"}],"wp:attachment":[{"href":"http:\/\/hidrocentro.com.ar\/bombas-agua\/wp-json\/wp\/v2\/media?parent=412"}],"wp:term":[{"taxonomy":"product_brand","embeddable":true,"href":"http:\/\/hidrocentro.com.ar\/bombas-agua\/wp-json\/wp\/v2\/product_brand?post=412"},{"taxonomy":"product_cat","embeddable":true,"href":"http:\/\/hidrocentro.com.ar\/bombas-agua\/wp-json\/wp\/v2\/product_cat?post=412"},{"taxonomy":"product_tag","embeddable":true,"href":"http:\/\/hidrocentro.com.ar\/bombas-agua\/wp-json\/wp\/v2\/product_tag?post=412"}],"curies":[{"name":"wp","href":"https:\/\/api.w.org\/{rel}","templated":true}]}}