{"id":405,"date":"2021-04-10T13:55:05","date_gmt":"2021-04-10T13:55:05","guid":{"rendered":"http:\/\/hidrocentro.com.ar\/bombas-agua\/?post_type=product&#038;p=405"},"modified":"2021-04-10T13:55:05","modified_gmt":"2021-04-10T13:55:05","slug":"bomba-centrifuga-ebn-czerweny","status":"publish","type":"product","link":"http:\/\/hidrocentro.com.ar\/bombas-agua\/producto\/bomba-centrifuga-ebn-czerweny\/","title":{"rendered":"Bomba centr\u00edfuga L\u00ednea EBN Czerweny"},"content":{"rendered":"<p><strong>Bomba centr\u00edfuga L\u00ednea EBN Czerweny<\/strong><\/p>\n<ul>\n<li>Extremadamente confiables, robustas y silenciosas<\/li>\n<li>F\u00e1cil instalaci\u00f3n con contrabridas normalizadas roscadas<\/li>\n<li>Apta para bombeo de l\u00edquidos entre -10\u00b0 C y 60\u00b0 C<\/li>\n<li>Aplicaci\u00f3n en instalaciones industriales, torres de refrigeraci\u00f3n, irrigaci\u00f3n, presurizaci\u00f3n y equipos contra incendios.<\/li>\n<li>Cuerpo de fundici\u00f3n gris y eje de acero inoxidable AISI 304<\/li>\n<li>Impulsores de noryl y bronce<\/li>\n<li>Motor trif\u00e1sico IP54, clase F<\/li>\n<li>Sello mec\u00e1nico de cer\u00e1mica y grafito<\/li>\n<\/ul>\n","protected":false},"excerpt":{"rendered":"<p>Bomba centr\u00edfuga L\u00ednea EBN Czerweny Extremadamente confiables, robustas y silenciosas F\u00e1cil instalaci\u00f3n con contrabridas normalizadas roscadas Apta para bombeo de l\u00edquidos entre -10\u00b0 C y 60\u00b0 C Aplicaci\u00f3n en instalaciones industriales, torres de refrigeraci\u00f3n, irrigaci\u00f3n, presurizaci\u00f3n y equipos contra incendios. Cuerpo de fundici\u00f3n gris y eje de acero inoxidable AISI 304 Impulsores de noryl y [&hellip;]<\/p>\n","protected":false},"featured_media":406,"template":"","meta":{"_joinchat":[]},"product_brand":[],"product_cat":[21],"product_tag":[27,61,26],"class_list":{"0":"post-405","1":"product","2":"type-product","3":"status-publish","4":"has-post-thumbnail","6":"product_cat-bombas","7":"product_tag-bombas","8":"product_tag-czerweny","9":"product_tag-electrobombas","11":"first","12":"instock","13":"shipping-taxable","14":"product-type-simple"},"yoast_head":"<!-- This site is optimized with the Yoast SEO plugin v27.4 - https:\/\/yoast.com\/product\/yoast-seo-wordpress\/ -->\n<title>Bomba centr\u00edfuga L\u00ednea EBN Czerweny - HidroCentro Servicios<\/title>\n<meta name=\"robots\" content=\"index, follow, max-snippet:-1, max-image-preview:large, max-video-preview:-1\" \/>\n<link rel=\"canonical\" href=\"http:\/\/hidrocentro.com.ar\/bombas-agua\/producto\/bomba-centrifuga-ebn-czerweny\/\" \/>\n<meta property=\"og:locale\" content=\"es_ES\" \/>\n<meta property=\"og:type\" content=\"article\" \/>\n<meta property=\"og:title\" content=\"Bomba centr\u00edfuga L\u00ednea EBN Czerweny - HidroCentro Servicios\" \/>\n<meta property=\"og:description\" content=\"Bomba centr\u00edfuga L\u00ednea EBN Czerweny Extremadamente confiables, robustas y silenciosas F\u00e1cil instalaci\u00f3n con contrabridas normalizadas roscadas Apta para bombeo de l\u00edquidos entre -10\u00b0 C y 60\u00b0 C Aplicaci\u00f3n en instalaciones industriales, torres de refrigeraci\u00f3n, irrigaci\u00f3n, presurizaci\u00f3n y equipos contra incendios. Cuerpo de fundici\u00f3n gris y eje de acero inoxidable AISI 304 Impulsores de noryl y [&hellip;]\" \/>\n<meta property=\"og:url\" content=\"http:\/\/hidrocentro.com.ar\/bombas-agua\/producto\/bomba-centrifuga-ebn-czerweny\/\" \/>\n<meta property=\"og:site_name\" content=\"HidroCentro Servicios\" \/>\n<meta property=\"og:image\" content=\"http:\/\/hidrocentro.com.ar\/bombas-agua\/wp-content\/uploads\/2021\/04\/Bomba-EB-2020-10-27-para-Web.png\" \/>\n\t<meta property=\"og:image:width\" content=\"800\" \/>\n\t<meta property=\"og:image:height\" content=\"800\" \/>\n\t<meta property=\"og:image:type\" content=\"image\/png\" \/>\n<meta name=\"twitter:card\" content=\"summary_large_image\" \/>\n<meta name=\"twitter:label1\" content=\"Tiempo de lectura\" \/>\n\t<meta name=\"twitter:data1\" content=\"1 minuto\" \/>\n<script type=\"application\/ld+json\" class=\"yoast-schema-graph\">{\"@context\":\"https:\\\/\\\/schema.org\",\"@graph\":[{\"@type\":\"WebPage\",\"@id\":\"http:\\\/\\\/hidrocentro.com.ar\\\/bombas-agua\\\/producto\\\/bomba-centrifuga-ebn-czerweny\\\/\",\"url\":\"http:\\\/\\\/hidrocentro.com.ar\\\/bombas-agua\\\/producto\\\/bomba-centrifuga-ebn-czerweny\\\/\",\"name\":\"Bomba centr\u00edfuga L\u00ednea EBN Czerweny - HidroCentro Servicios\",\"isPartOf\":{\"@id\":\"http:\\\/\\\/hidrocentro.com.ar\\\/bombas-agua\\\/#website\"},\"primaryImageOfPage\":{\"@id\":\"http:\\\/\\\/hidrocentro.com.ar\\\/bombas-agua\\\/producto\\\/bomba-centrifuga-ebn-czerweny\\\/#primaryimage\"},\"image\":{\"@id\":\"http:\\\/\\\/hidrocentro.com.ar\\\/bombas-agua\\\/producto\\\/bomba-centrifuga-ebn-czerweny\\\/#primaryimage\"},\"thumbnailUrl\":\"http:\\\/\\\/hidrocentro.com.ar\\\/bombas-agua\\\/wp-content\\\/uploads\\\/2021\\\/04\\\/Bomba-EB-2020-10-27-para-Web.png\",\"datePublished\":\"2021-04-10T13:55:05+00:00\",\"breadcrumb\":{\"@id\":\"http:\\\/\\\/hidrocentro.com.ar\\\/bombas-agua\\\/producto\\\/bomba-centrifuga-ebn-czerweny\\\/#breadcrumb\"},\"inLanguage\":\"es\",\"potentialAction\":[{\"@type\":\"ReadAction\",\"target\":[\"http:\\\/\\\/hidrocentro.com.ar\\\/bombas-agua\\\/producto\\\/bomba-centrifuga-ebn-czerweny\\\/\"]}]},{\"@type\":\"ImageObject\",\"inLanguage\":\"es\",\"@id\":\"http:\\\/\\\/hidrocentro.com.ar\\\/bombas-agua\\\/producto\\\/bomba-centrifuga-ebn-czerweny\\\/#primaryimage\",\"url\":\"http:\\\/\\\/hidrocentro.com.ar\\\/bombas-agua\\\/wp-content\\\/uploads\\\/2021\\\/04\\\/Bomba-EB-2020-10-27-para-Web.png\",\"contentUrl\":\"http:\\\/\\\/hidrocentro.com.ar\\\/bombas-agua\\\/wp-content\\\/uploads\\\/2021\\\/04\\\/Bomba-EB-2020-10-27-para-Web.png\",\"width\":800,\"height\":800},{\"@type\":\"BreadcrumbList\",\"@id\":\"http:\\\/\\\/hidrocentro.com.ar\\\/bombas-agua\\\/producto\\\/bomba-centrifuga-ebn-czerweny\\\/#breadcrumb\",\"itemListElement\":[{\"@type\":\"ListItem\",\"position\":1,\"name\":\"Tienda\",\"item\":\"http:\\\/\\\/hidrocentro.com.ar\\\/bombas-agua\\\/tienda\\\/\"},{\"@type\":\"ListItem\",\"position\":2,\"name\":\"Bomba centr\u00edfuga L\u00ednea EBN Czerweny\"}]},{\"@type\":\"WebSite\",\"@id\":\"http:\\\/\\\/hidrocentro.com.ar\\\/bombas-agua\\\/#website\",\"url\":\"http:\\\/\\\/hidrocentro.com.ar\\\/bombas-agua\\\/\",\"name\":\"HidroCentro Servicios\",\"description\":\"Venta y asesoramiento en Bombas\",\"publisher\":{\"@id\":\"http:\\\/\\\/hidrocentro.com.ar\\\/bombas-agua\\\/#organization\"},\"potentialAction\":[{\"@type\":\"SearchAction\",\"target\":{\"@type\":\"EntryPoint\",\"urlTemplate\":\"http:\\\/\\\/hidrocentro.com.ar\\\/bombas-agua\\\/?s={search_term_string}\"},\"query-input\":{\"@type\":\"PropertyValueSpecification\",\"valueRequired\":true,\"valueName\":\"search_term_string\"}}],\"inLanguage\":\"es\"},{\"@type\":\"Organization\",\"@id\":\"http:\\\/\\\/hidrocentro.com.ar\\\/bombas-agua\\\/#organization\",\"name\":\"HidroCentro Servicios\",\"url\":\"http:\\\/\\\/hidrocentro.com.ar\\\/bombas-agua\\\/\",\"logo\":{\"@type\":\"ImageObject\",\"inLanguage\":\"es\",\"@id\":\"http:\\\/\\\/hidrocentro.com.ar\\\/bombas-agua\\\/#\\\/schema\\\/logo\\\/image\\\/\",\"url\":\"http:\\\/\\\/hidrocentro.com.ar\\\/bombas-agua\\\/wp-content\\\/uploads\\\/2020\\\/09\\\/cropped-logo4.png\",\"contentUrl\":\"http:\\\/\\\/hidrocentro.com.ar\\\/bombas-agua\\\/wp-content\\\/uploads\\\/2020\\\/09\\\/cropped-logo4.png\",\"width\":249,\"height\":108,\"caption\":\"HidroCentro Servicios\"},\"image\":{\"@id\":\"http:\\\/\\\/hidrocentro.com.ar\\\/bombas-agua\\\/#\\\/schema\\\/logo\\\/image\\\/\"}}]}<\/script>\n<!-- \/ Yoast SEO plugin. -->","yoast_head_json":{"title":"Bomba centr\u00edfuga L\u00ednea EBN Czerweny - HidroCentro Servicios","robots":{"index":"index","follow":"follow","max-snippet":"max-snippet:-1","max-image-preview":"max-image-preview:large","max-video-preview":"max-video-preview:-1"},"canonical":"http:\/\/hidrocentro.com.ar\/bombas-agua\/producto\/bomba-centrifuga-ebn-czerweny\/","og_locale":"es_ES","og_type":"article","og_title":"Bomba centr\u00edfuga L\u00ednea EBN Czerweny - HidroCentro Servicios","og_description":"Bomba centr\u00edfuga L\u00ednea EBN Czerweny Extremadamente confiables, robustas y silenciosas F\u00e1cil instalaci\u00f3n con contrabridas normalizadas roscadas Apta para bombeo de l\u00edquidos entre -10\u00b0 C y 60\u00b0 C Aplicaci\u00f3n en instalaciones industriales, torres de refrigeraci\u00f3n, irrigaci\u00f3n, presurizaci\u00f3n y equipos contra incendios. Cuerpo de fundici\u00f3n gris y eje de acero inoxidable AISI 304 Impulsores de noryl y [&hellip;]","og_url":"http:\/\/hidrocentro.com.ar\/bombas-agua\/producto\/bomba-centrifuga-ebn-czerweny\/","og_site_name":"HidroCentro Servicios","og_image":[{"width":800,"height":800,"url":"http:\/\/hidrocentro.com.ar\/bombas-agua\/wp-content\/uploads\/2021\/04\/Bomba-EB-2020-10-27-para-Web.png","type":"image\/png"}],"twitter_card":"summary_large_image","twitter_misc":{"Tiempo de lectura":"1 minuto"},"schema":{"@context":"https:\/\/schema.org","@graph":[{"@type":"WebPage","@id":"http:\/\/hidrocentro.com.ar\/bombas-agua\/producto\/bomba-centrifuga-ebn-czerweny\/","url":"http:\/\/hidrocentro.com.ar\/bombas-agua\/producto\/bomba-centrifuga-ebn-czerweny\/","name":"Bomba centr\u00edfuga L\u00ednea EBN Czerweny - HidroCentro Servicios","isPartOf":{"@id":"http:\/\/hidrocentro.com.ar\/bombas-agua\/#website"},"primaryImageOfPage":{"@id":"http:\/\/hidrocentro.com.ar\/bombas-agua\/producto\/bomba-centrifuga-ebn-czerweny\/#primaryimage"},"image":{"@id":"http:\/\/hidrocentro.com.ar\/bombas-agua\/producto\/bomba-centrifuga-ebn-czerweny\/#primaryimage"},"thumbnailUrl":"http:\/\/hidrocentro.com.ar\/bombas-agua\/wp-content\/uploads\/2021\/04\/Bomba-EB-2020-10-27-para-Web.png","datePublished":"2021-04-10T13:55:05+00:00","breadcrumb":{"@id":"http:\/\/hidrocentro.com.ar\/bombas-agua\/producto\/bomba-centrifuga-ebn-czerweny\/#breadcrumb"},"inLanguage":"es","potentialAction":[{"@type":"ReadAction","target":["http:\/\/hidrocentro.com.ar\/bombas-agua\/producto\/bomba-centrifuga-ebn-czerweny\/"]}]},{"@type":"ImageObject","inLanguage":"es","@id":"http:\/\/hidrocentro.com.ar\/bombas-agua\/producto\/bomba-centrifuga-ebn-czerweny\/#primaryimage","url":"http:\/\/hidrocentro.com.ar\/bombas-agua\/wp-content\/uploads\/2021\/04\/Bomba-EB-2020-10-27-para-Web.png","contentUrl":"http:\/\/hidrocentro.com.ar\/bombas-agua\/wp-content\/uploads\/2021\/04\/Bomba-EB-2020-10-27-para-Web.png","width":800,"height":800},{"@type":"BreadcrumbList","@id":"http:\/\/hidrocentro.com.ar\/bombas-agua\/producto\/bomba-centrifuga-ebn-czerweny\/#breadcrumb","itemListElement":[{"@type":"ListItem","position":1,"name":"Tienda","item":"http:\/\/hidrocentro.com.ar\/bombas-agua\/tienda\/"},{"@type":"ListItem","position":2,"name":"Bomba centr\u00edfuga L\u00ednea EBN Czerweny"}]},{"@type":"WebSite","@id":"http:\/\/hidrocentro.com.ar\/bombas-agua\/#website","url":"http:\/\/hidrocentro.com.ar\/bombas-agua\/","name":"HidroCentro Servicios","description":"Venta y asesoramiento en Bombas","publisher":{"@id":"http:\/\/hidrocentro.com.ar\/bombas-agua\/#organization"},"potentialAction":[{"@type":"SearchAction","target":{"@type":"EntryPoint","urlTemplate":"http:\/\/hidrocentro.com.ar\/bombas-agua\/?s={search_term_string}"},"query-input":{"@type":"PropertyValueSpecification","valueRequired":true,"valueName":"search_term_string"}}],"inLanguage":"es"},{"@type":"Organization","@id":"http:\/\/hidrocentro.com.ar\/bombas-agua\/#organization","name":"HidroCentro Servicios","url":"http:\/\/hidrocentro.com.ar\/bombas-agua\/","logo":{"@type":"ImageObject","inLanguage":"es","@id":"http:\/\/hidrocentro.com.ar\/bombas-agua\/#\/schema\/logo\/image\/","url":"http:\/\/hidrocentro.com.ar\/bombas-agua\/wp-content\/uploads\/2020\/09\/cropped-logo4.png","contentUrl":"http:\/\/hidrocentro.com.ar\/bombas-agua\/wp-content\/uploads\/2020\/09\/cropped-logo4.png","width":249,"height":108,"caption":"HidroCentro Servicios"},"image":{"@id":"http:\/\/hidrocentro.com.ar\/bombas-agua\/#\/schema\/logo\/image\/"}}]}},"jetpack_sharing_enabled":true,"_links":{"self":[{"href":"http:\/\/hidrocentro.com.ar\/bombas-agua\/wp-json\/wp\/v2\/product\/405","targetHints":{"allow":["GET"]}}],"collection":[{"href":"http:\/\/hidrocentro.com.ar\/bombas-agua\/wp-json\/wp\/v2\/product"}],"about":[{"href":"http:\/\/hidrocentro.com.ar\/bombas-agua\/wp-json\/wp\/v2\/types\/product"}],"wp:featuredmedia":[{"embeddable":true,"href":"http:\/\/hidrocentro.com.ar\/bombas-agua\/wp-json\/wp\/v2\/media\/406"}],"wp:attachment":[{"href":"http:\/\/hidrocentro.com.ar\/bombas-agua\/wp-json\/wp\/v2\/media?parent=405"}],"wp:term":[{"taxonomy":"product_brand","embeddable":true,"href":"http:\/\/hidrocentro.com.ar\/bombas-agua\/wp-json\/wp\/v2\/product_brand?post=405"},{"taxonomy":"product_cat","embeddable":true,"href":"http:\/\/hidrocentro.com.ar\/bombas-agua\/wp-json\/wp\/v2\/product_cat?post=405"},{"taxonomy":"product_tag","embeddable":true,"href":"http:\/\/hidrocentro.com.ar\/bombas-agua\/wp-json\/wp\/v2\/product_tag?post=405"}],"curies":[{"name":"wp","href":"https:\/\/api.w.org\/{rel}","templated":true}]}}