{"id":365,"date":"2021-04-07T20:18:15","date_gmt":"2021-04-07T20:18:15","guid":{"rendered":"http:\/\/hidrocentro.com.ar\/bombas-agua\/?post_type=product&#038;p=365"},"modified":"2021-04-08T12:16:40","modified_gmt":"2021-04-08T12:16:40","slug":"limpiafondo-medialuna-vulcano","status":"publish","type":"product","link":"http:\/\/hidrocentro.com.ar\/bombas-agua\/producto\/limpiafondo-medialuna-vulcano\/","title":{"rendered":"Limpiafondo medialuna Vulcano"},"content":{"rendered":"<p><strong>Limpiafondo Medialuna Vulcano<\/strong><\/p>\n<p>Su dise\u00f1o y peso lo transforman en la mejor opci\u00f3n para limpiar escaleras de la piscina y otras formas irregulares.<\/p>\n<p>Es el m\u00e1s econ\u00f3mico de los limpiafondos y es ideal para piletas peque\u00f1as.<\/p>\n","protected":false},"excerpt":{"rendered":"<p>Limpiafondo Medialuna Vulcano Su dise\u00f1o y peso lo transforman en la mejor opci\u00f3n para limpiar escaleras de la piscina y otras formas irregulares. Es el m\u00e1s econ\u00f3mico de los limpiafondos y es ideal para piletas peque\u00f1as.<\/p>\n","protected":false},"featured_media":366,"template":"","meta":{"_joinchat":[]},"product_brand":[],"product_cat":[23],"product_tag":[50,38,32,30],"class_list":{"0":"post-365","1":"product","2":"type-product","3":"status-publish","4":"has-post-thumbnail","6":"product_cat-piletas-de-natacion","7":"product_tag-limpiafondo","8":"product_tag-piletas","9":"product_tag-piscinas","10":"product_tag-vulcano","12":"first","13":"instock","14":"shipping-taxable","15":"product-type-simple"},"yoast_head":"<!-- This site is optimized with the Yoast SEO plugin v27.5 - https:\/\/yoast.com\/product\/yoast-seo-wordpress\/ -->\n<title>Limpiafondo medialuna Vulcano - HidroCentro Servicios<\/title>\n<meta name=\"robots\" content=\"index, follow, max-snippet:-1, max-image-preview:large, max-video-preview:-1\" \/>\n<link rel=\"canonical\" href=\"http:\/\/hidrocentro.com.ar\/bombas-agua\/producto\/limpiafondo-medialuna-vulcano\/\" \/>\n<meta property=\"og:locale\" content=\"es_ES\" \/>\n<meta property=\"og:type\" content=\"article\" \/>\n<meta property=\"og:title\" content=\"Limpiafondo medialuna Vulcano - HidroCentro Servicios\" \/>\n<meta property=\"og:description\" content=\"Limpiafondo Medialuna Vulcano Su dise\u00f1o y peso lo transforman en la mejor opci\u00f3n para limpiar escaleras de la piscina y otras formas irregulares. Es el m\u00e1s econ\u00f3mico de los limpiafondos y es ideal para piletas peque\u00f1as.\" \/>\n<meta property=\"og:url\" content=\"http:\/\/hidrocentro.com.ar\/bombas-agua\/producto\/limpiafondo-medialuna-vulcano\/\" \/>\n<meta property=\"og:site_name\" content=\"HidroCentro Servicios\" \/>\n<meta property=\"article:modified_time\" content=\"2021-04-08T12:16:40+00:00\" \/>\n<meta property=\"og:image\" content=\"http:\/\/hidrocentro.com.ar\/bombas-agua\/wp-content\/uploads\/2021\/04\/LF-Medialuna.jpg\" \/>\n\t<meta property=\"og:image:width\" content=\"767\" \/>\n\t<meta property=\"og:image:height\" content=\"767\" \/>\n\t<meta property=\"og:image:type\" content=\"image\/jpeg\" \/>\n<meta name=\"twitter:card\" content=\"summary_large_image\" \/>\n<meta name=\"twitter:label1\" content=\"Tiempo de lectura\" \/>\n\t<meta name=\"twitter:data1\" content=\"1 minuto\" \/>\n<script type=\"application\/ld+json\" class=\"yoast-schema-graph\">{\"@context\":\"https:\\\/\\\/schema.org\",\"@graph\":[{\"@type\":\"WebPage\",\"@id\":\"http:\\\/\\\/hidrocentro.com.ar\\\/bombas-agua\\\/producto\\\/limpiafondo-medialuna-vulcano\\\/\",\"url\":\"http:\\\/\\\/hidrocentro.com.ar\\\/bombas-agua\\\/producto\\\/limpiafondo-medialuna-vulcano\\\/\",\"name\":\"Limpiafondo medialuna Vulcano - HidroCentro Servicios\",\"isPartOf\":{\"@id\":\"http:\\\/\\\/hidrocentro.com.ar\\\/bombas-agua\\\/#website\"},\"primaryImageOfPage\":{\"@id\":\"http:\\\/\\\/hidrocentro.com.ar\\\/bombas-agua\\\/producto\\\/limpiafondo-medialuna-vulcano\\\/#primaryimage\"},\"image\":{\"@id\":\"http:\\\/\\\/hidrocentro.com.ar\\\/bombas-agua\\\/producto\\\/limpiafondo-medialuna-vulcano\\\/#primaryimage\"},\"thumbnailUrl\":\"http:\\\/\\\/hidrocentro.com.ar\\\/bombas-agua\\\/wp-content\\\/uploads\\\/2021\\\/04\\\/LF-Medialuna.jpg\",\"datePublished\":\"2021-04-07T20:18:15+00:00\",\"dateModified\":\"2021-04-08T12:16:40+00:00\",\"breadcrumb\":{\"@id\":\"http:\\\/\\\/hidrocentro.com.ar\\\/bombas-agua\\\/producto\\\/limpiafondo-medialuna-vulcano\\\/#breadcrumb\"},\"inLanguage\":\"es\",\"potentialAction\":[{\"@type\":\"ReadAction\",\"target\":[\"http:\\\/\\\/hidrocentro.com.ar\\\/bombas-agua\\\/producto\\\/limpiafondo-medialuna-vulcano\\\/\"]}]},{\"@type\":\"ImageObject\",\"inLanguage\":\"es\",\"@id\":\"http:\\\/\\\/hidrocentro.com.ar\\\/bombas-agua\\\/producto\\\/limpiafondo-medialuna-vulcano\\\/#primaryimage\",\"url\":\"http:\\\/\\\/hidrocentro.com.ar\\\/bombas-agua\\\/wp-content\\\/uploads\\\/2021\\\/04\\\/LF-Medialuna.jpg\",\"contentUrl\":\"http:\\\/\\\/hidrocentro.com.ar\\\/bombas-agua\\\/wp-content\\\/uploads\\\/2021\\\/04\\\/LF-Medialuna.jpg\",\"width\":767,\"height\":767},{\"@type\":\"BreadcrumbList\",\"@id\":\"http:\\\/\\\/hidrocentro.com.ar\\\/bombas-agua\\\/producto\\\/limpiafondo-medialuna-vulcano\\\/#breadcrumb\",\"itemListElement\":[{\"@type\":\"ListItem\",\"position\":1,\"name\":\"Tienda\",\"item\":\"http:\\\/\\\/hidrocentro.com.ar\\\/bombas-agua\\\/tienda\\\/\"},{\"@type\":\"ListItem\",\"position\":2,\"name\":\"Limpiafondo medialuna Vulcano\"}]},{\"@type\":\"WebSite\",\"@id\":\"http:\\\/\\\/hidrocentro.com.ar\\\/bombas-agua\\\/#website\",\"url\":\"http:\\\/\\\/hidrocentro.com.ar\\\/bombas-agua\\\/\",\"name\":\"HidroCentro Servicios\",\"description\":\"Venta y asesoramiento en Bombas\",\"publisher\":{\"@id\":\"http:\\\/\\\/hidrocentro.com.ar\\\/bombas-agua\\\/#organization\"},\"potentialAction\":[{\"@type\":\"SearchAction\",\"target\":{\"@type\":\"EntryPoint\",\"urlTemplate\":\"http:\\\/\\\/hidrocentro.com.ar\\\/bombas-agua\\\/?s={search_term_string}\"},\"query-input\":{\"@type\":\"PropertyValueSpecification\",\"valueRequired\":true,\"valueName\":\"search_term_string\"}}],\"inLanguage\":\"es\"},{\"@type\":\"Organization\",\"@id\":\"http:\\\/\\\/hidrocentro.com.ar\\\/bombas-agua\\\/#organization\",\"name\":\"HidroCentro Servicios\",\"url\":\"http:\\\/\\\/hidrocentro.com.ar\\\/bombas-agua\\\/\",\"logo\":{\"@type\":\"ImageObject\",\"inLanguage\":\"es\",\"@id\":\"http:\\\/\\\/hidrocentro.com.ar\\\/bombas-agua\\\/#\\\/schema\\\/logo\\\/image\\\/\",\"url\":\"http:\\\/\\\/hidrocentro.com.ar\\\/bombas-agua\\\/wp-content\\\/uploads\\\/2020\\\/09\\\/cropped-logo4.png\",\"contentUrl\":\"http:\\\/\\\/hidrocentro.com.ar\\\/bombas-agua\\\/wp-content\\\/uploads\\\/2020\\\/09\\\/cropped-logo4.png\",\"width\":249,\"height\":108,\"caption\":\"HidroCentro Servicios\"},\"image\":{\"@id\":\"http:\\\/\\\/hidrocentro.com.ar\\\/bombas-agua\\\/#\\\/schema\\\/logo\\\/image\\\/\"}}]}<\/script>\n<!-- \/ Yoast SEO plugin. -->","yoast_head_json":{"title":"Limpiafondo medialuna Vulcano - HidroCentro Servicios","robots":{"index":"index","follow":"follow","max-snippet":"max-snippet:-1","max-image-preview":"max-image-preview:large","max-video-preview":"max-video-preview:-1"},"canonical":"http:\/\/hidrocentro.com.ar\/bombas-agua\/producto\/limpiafondo-medialuna-vulcano\/","og_locale":"es_ES","og_type":"article","og_title":"Limpiafondo medialuna Vulcano - HidroCentro Servicios","og_description":"Limpiafondo Medialuna Vulcano Su dise\u00f1o y peso lo transforman en la mejor opci\u00f3n para limpiar escaleras de la piscina y otras formas irregulares. Es el m\u00e1s econ\u00f3mico de los limpiafondos y es ideal para piletas peque\u00f1as.","og_url":"http:\/\/hidrocentro.com.ar\/bombas-agua\/producto\/limpiafondo-medialuna-vulcano\/","og_site_name":"HidroCentro Servicios","article_modified_time":"2021-04-08T12:16:40+00:00","og_image":[{"width":767,"height":767,"url":"http:\/\/hidrocentro.com.ar\/bombas-agua\/wp-content\/uploads\/2021\/04\/LF-Medialuna.jpg","type":"image\/jpeg"}],"twitter_card":"summary_large_image","twitter_misc":{"Tiempo de lectura":"1 minuto"},"schema":{"@context":"https:\/\/schema.org","@graph":[{"@type":"WebPage","@id":"http:\/\/hidrocentro.com.ar\/bombas-agua\/producto\/limpiafondo-medialuna-vulcano\/","url":"http:\/\/hidrocentro.com.ar\/bombas-agua\/producto\/limpiafondo-medialuna-vulcano\/","name":"Limpiafondo medialuna Vulcano - HidroCentro Servicios","isPartOf":{"@id":"http:\/\/hidrocentro.com.ar\/bombas-agua\/#website"},"primaryImageOfPage":{"@id":"http:\/\/hidrocentro.com.ar\/bombas-agua\/producto\/limpiafondo-medialuna-vulcano\/#primaryimage"},"image":{"@id":"http:\/\/hidrocentro.com.ar\/bombas-agua\/producto\/limpiafondo-medialuna-vulcano\/#primaryimage"},"thumbnailUrl":"http:\/\/hidrocentro.com.ar\/bombas-agua\/wp-content\/uploads\/2021\/04\/LF-Medialuna.jpg","datePublished":"2021-04-07T20:18:15+00:00","dateModified":"2021-04-08T12:16:40+00:00","breadcrumb":{"@id":"http:\/\/hidrocentro.com.ar\/bombas-agua\/producto\/limpiafondo-medialuna-vulcano\/#breadcrumb"},"inLanguage":"es","potentialAction":[{"@type":"ReadAction","target":["http:\/\/hidrocentro.com.ar\/bombas-agua\/producto\/limpiafondo-medialuna-vulcano\/"]}]},{"@type":"ImageObject","inLanguage":"es","@id":"http:\/\/hidrocentro.com.ar\/bombas-agua\/producto\/limpiafondo-medialuna-vulcano\/#primaryimage","url":"http:\/\/hidrocentro.com.ar\/bombas-agua\/wp-content\/uploads\/2021\/04\/LF-Medialuna.jpg","contentUrl":"http:\/\/hidrocentro.com.ar\/bombas-agua\/wp-content\/uploads\/2021\/04\/LF-Medialuna.jpg","width":767,"height":767},{"@type":"BreadcrumbList","@id":"http:\/\/hidrocentro.com.ar\/bombas-agua\/producto\/limpiafondo-medialuna-vulcano\/#breadcrumb","itemListElement":[{"@type":"ListItem","position":1,"name":"Tienda","item":"http:\/\/hidrocentro.com.ar\/bombas-agua\/tienda\/"},{"@type":"ListItem","position":2,"name":"Limpiafondo medialuna Vulcano"}]},{"@type":"WebSite","@id":"http:\/\/hidrocentro.com.ar\/bombas-agua\/#website","url":"http:\/\/hidrocentro.com.ar\/bombas-agua\/","name":"HidroCentro Servicios","description":"Venta y asesoramiento en Bombas","publisher":{"@id":"http:\/\/hidrocentro.com.ar\/bombas-agua\/#organization"},"potentialAction":[{"@type":"SearchAction","target":{"@type":"EntryPoint","urlTemplate":"http:\/\/hidrocentro.com.ar\/bombas-agua\/?s={search_term_string}"},"query-input":{"@type":"PropertyValueSpecification","valueRequired":true,"valueName":"search_term_string"}}],"inLanguage":"es"},{"@type":"Organization","@id":"http:\/\/hidrocentro.com.ar\/bombas-agua\/#organization","name":"HidroCentro Servicios","url":"http:\/\/hidrocentro.com.ar\/bombas-agua\/","logo":{"@type":"ImageObject","inLanguage":"es","@id":"http:\/\/hidrocentro.com.ar\/bombas-agua\/#\/schema\/logo\/image\/","url":"http:\/\/hidrocentro.com.ar\/bombas-agua\/wp-content\/uploads\/2020\/09\/cropped-logo4.png","contentUrl":"http:\/\/hidrocentro.com.ar\/bombas-agua\/wp-content\/uploads\/2020\/09\/cropped-logo4.png","width":249,"height":108,"caption":"HidroCentro Servicios"},"image":{"@id":"http:\/\/hidrocentro.com.ar\/bombas-agua\/#\/schema\/logo\/image\/"}}]}},"jetpack_sharing_enabled":true,"_links":{"self":[{"href":"http:\/\/hidrocentro.com.ar\/bombas-agua\/wp-json\/wp\/v2\/product\/365","targetHints":{"allow":["GET"]}}],"collection":[{"href":"http:\/\/hidrocentro.com.ar\/bombas-agua\/wp-json\/wp\/v2\/product"}],"about":[{"href":"http:\/\/hidrocentro.com.ar\/bombas-agua\/wp-json\/wp\/v2\/types\/product"}],"wp:featuredmedia":[{"embeddable":true,"href":"http:\/\/hidrocentro.com.ar\/bombas-agua\/wp-json\/wp\/v2\/media\/366"}],"wp:attachment":[{"href":"http:\/\/hidrocentro.com.ar\/bombas-agua\/wp-json\/wp\/v2\/media?parent=365"}],"wp:term":[{"taxonomy":"product_brand","embeddable":true,"href":"http:\/\/hidrocentro.com.ar\/bombas-agua\/wp-json\/wp\/v2\/product_brand?post=365"},{"taxonomy":"product_cat","embeddable":true,"href":"http:\/\/hidrocentro.com.ar\/bombas-agua\/wp-json\/wp\/v2\/product_cat?post=365"},{"taxonomy":"product_tag","embeddable":true,"href":"http:\/\/hidrocentro.com.ar\/bombas-agua\/wp-json\/wp\/v2\/product_tag?post=365"}],"curies":[{"name":"wp","href":"https:\/\/api.w.org\/{rel}","templated":true}]}}