{"id":312,"date":"2021-03-31T21:25:38","date_gmt":"2021-03-31T21:25:38","guid":{"rendered":"http:\/\/hidrocentro.com.ar\/bombas-agua\/?post_type=product&#038;p=312"},"modified":"2021-03-31T21:25:38","modified_gmt":"2021-03-31T21:25:38","slug":"filtro-vulcano","status":"publish","type":"product","link":"http:\/\/hidrocentro.com.ar\/bombas-agua\/producto\/filtro-vulcano\/","title":{"rendered":"Filtro Vulcano para Piscinas Residenciales"},"content":{"rendered":"<p><strong>Filtro VC Soplado Vulcano para Piscinas Residenciales<\/strong><\/p>\n<p>Con multiv\u00e1lvula selectora de 6 v\u00edas con las funciones de filtrado, retrolavado, desagote, enjuague, centrifugado y cerrado.<\/p>\n<p>Fabricados en una sola pieza y con materiales de alta resistencia a la corrosi\u00f3n, estos equipos de filtrado garantizan una larga vida \u00fatil de \u00f3ptimo funcionamiento.<\/p>\n<p><strong><em>Modelos:<\/em><\/strong><\/p>\n<ul>\n<li><strong>VC 10<\/strong>: Filtro soplado de \u00f8 290mm, para piletas de hasta 20m\u00b3<\/li>\n<li><strong>VC 20<\/strong>: Filtro soplado de \u00f8 360mm, para piletas de hasta 35m\u00b3<\/li>\n<li><strong>VC 30<\/strong>: Filtro soplado de \u00f8 425mm, para piletas de hasta 50m\u00b3<\/li>\n<li><strong>VC 50<\/strong>: Filtro soplado de \u00f8 520mm, para piletas de hasta 90m\u00b3<\/li>\n<li><strong>VC 100<\/strong>: Filtro soplado de \u00f8 680mm, para piletas de hasta 150m\u00b3<\/li>\n<\/ul>\n","protected":false},"excerpt":{"rendered":"<p>Filtro VC Soplado Vulcano para Piscinas Residenciales Con multiv\u00e1lvula selectora de 6 v\u00edas con las funciones de filtrado, retrolavado, desagote, enjuague, centrifugado y cerrado. Fabricados en una sola pieza y con materiales de alta resistencia a la corrosi\u00f3n, estos equipos de filtrado garantizan una larga vida \u00fatil de \u00f3ptimo funcionamiento. Modelos: VC 10: Filtro soplado [&hellip;]<\/p>\n","protected":false},"featured_media":313,"template":"","meta":{"_joinchat":[]},"product_brand":[],"product_cat":[24],"product_tag":[31,29,28,32,30],"class_list":{"0":"post-312","1":"product","2":"type-product","3":"status-publish","4":"has-post-thumbnail","6":"product_cat-filtros-piscinas","7":"product_tag-filtracion","8":"product_tag-filtros","9":"product_tag-pileta","10":"product_tag-piscinas","11":"product_tag-vulcano","13":"first","14":"instock","15":"shipping-taxable","16":"product-type-simple"},"yoast_head":"<!-- This site is optimized with the Yoast SEO plugin v27.3 - https:\/\/yoast.com\/product\/yoast-seo-wordpress\/ -->\n<title>Filtro Vulcano para Piscinas Residenciales - HidroCentro Servicios<\/title>\n<meta name=\"robots\" content=\"index, follow, max-snippet:-1, max-image-preview:large, max-video-preview:-1\" \/>\n<link rel=\"canonical\" href=\"http:\/\/hidrocentro.com.ar\/bombas-agua\/producto\/filtro-vulcano\/\" \/>\n<meta property=\"og:locale\" content=\"es_ES\" \/>\n<meta property=\"og:type\" content=\"article\" \/>\n<meta property=\"og:title\" content=\"Filtro Vulcano para Piscinas Residenciales - HidroCentro Servicios\" \/>\n<meta property=\"og:description\" content=\"Filtro VC Soplado Vulcano para Piscinas Residenciales Con multiv\u00e1lvula selectora de 6 v\u00edas con las funciones de filtrado, retrolavado, desagote, enjuague, centrifugado y cerrado. Fabricados en una sola pieza y con materiales de alta resistencia a la corrosi\u00f3n, estos equipos de filtrado garantizan una larga vida \u00fatil de \u00f3ptimo funcionamiento. Modelos: VC 10: Filtro soplado [&hellip;]\" \/>\n<meta property=\"og:url\" content=\"http:\/\/hidrocentro.com.ar\/bombas-agua\/producto\/filtro-vulcano\/\" \/>\n<meta property=\"og:site_name\" content=\"HidroCentro Servicios\" \/>\n<meta property=\"og:image\" content=\"http:\/\/hidrocentro.com.ar\/bombas-agua\/wp-content\/uploads\/2021\/03\/Filtro.jpg\" \/>\n\t<meta property=\"og:image:width\" content=\"767\" \/>\n\t<meta property=\"og:image:height\" content=\"767\" \/>\n\t<meta property=\"og:image:type\" content=\"image\/jpeg\" \/>\n<meta name=\"twitter:card\" content=\"summary_large_image\" \/>\n<meta name=\"twitter:label1\" content=\"Tiempo de lectura\" \/>\n\t<meta name=\"twitter:data1\" content=\"1 minuto\" \/>\n<script type=\"application\/ld+json\" class=\"yoast-schema-graph\">{\"@context\":\"https:\\\/\\\/schema.org\",\"@graph\":[{\"@type\":\"WebPage\",\"@id\":\"http:\\\/\\\/hidrocentro.com.ar\\\/bombas-agua\\\/producto\\\/filtro-vulcano\\\/\",\"url\":\"http:\\\/\\\/hidrocentro.com.ar\\\/bombas-agua\\\/producto\\\/filtro-vulcano\\\/\",\"name\":\"Filtro Vulcano para Piscinas Residenciales - HidroCentro Servicios\",\"isPartOf\":{\"@id\":\"http:\\\/\\\/hidrocentro.com.ar\\\/bombas-agua\\\/#website\"},\"primaryImageOfPage\":{\"@id\":\"http:\\\/\\\/hidrocentro.com.ar\\\/bombas-agua\\\/producto\\\/filtro-vulcano\\\/#primaryimage\"},\"image\":{\"@id\":\"http:\\\/\\\/hidrocentro.com.ar\\\/bombas-agua\\\/producto\\\/filtro-vulcano\\\/#primaryimage\"},\"thumbnailUrl\":\"http:\\\/\\\/hidrocentro.com.ar\\\/bombas-agua\\\/wp-content\\\/uploads\\\/2021\\\/03\\\/Filtro.jpg\",\"datePublished\":\"2021-03-31T21:25:38+00:00\",\"breadcrumb\":{\"@id\":\"http:\\\/\\\/hidrocentro.com.ar\\\/bombas-agua\\\/producto\\\/filtro-vulcano\\\/#breadcrumb\"},\"inLanguage\":\"es\",\"potentialAction\":[{\"@type\":\"ReadAction\",\"target\":[\"http:\\\/\\\/hidrocentro.com.ar\\\/bombas-agua\\\/producto\\\/filtro-vulcano\\\/\"]}]},{\"@type\":\"ImageObject\",\"inLanguage\":\"es\",\"@id\":\"http:\\\/\\\/hidrocentro.com.ar\\\/bombas-agua\\\/producto\\\/filtro-vulcano\\\/#primaryimage\",\"url\":\"http:\\\/\\\/hidrocentro.com.ar\\\/bombas-agua\\\/wp-content\\\/uploads\\\/2021\\\/03\\\/Filtro.jpg\",\"contentUrl\":\"http:\\\/\\\/hidrocentro.com.ar\\\/bombas-agua\\\/wp-content\\\/uploads\\\/2021\\\/03\\\/Filtro.jpg\",\"width\":767,\"height\":767},{\"@type\":\"BreadcrumbList\",\"@id\":\"http:\\\/\\\/hidrocentro.com.ar\\\/bombas-agua\\\/producto\\\/filtro-vulcano\\\/#breadcrumb\",\"itemListElement\":[{\"@type\":\"ListItem\",\"position\":1,\"name\":\"Tienda\",\"item\":\"http:\\\/\\\/hidrocentro.com.ar\\\/bombas-agua\\\/tienda\\\/\"},{\"@type\":\"ListItem\",\"position\":2,\"name\":\"Filtro Vulcano para Piscinas Residenciales\"}]},{\"@type\":\"WebSite\",\"@id\":\"http:\\\/\\\/hidrocentro.com.ar\\\/bombas-agua\\\/#website\",\"url\":\"http:\\\/\\\/hidrocentro.com.ar\\\/bombas-agua\\\/\",\"name\":\"HidroCentro Servicios\",\"description\":\"Venta y asesoramiento en Bombas\",\"publisher\":{\"@id\":\"http:\\\/\\\/hidrocentro.com.ar\\\/bombas-agua\\\/#organization\"},\"potentialAction\":[{\"@type\":\"SearchAction\",\"target\":{\"@type\":\"EntryPoint\",\"urlTemplate\":\"http:\\\/\\\/hidrocentro.com.ar\\\/bombas-agua\\\/?s={search_term_string}\"},\"query-input\":{\"@type\":\"PropertyValueSpecification\",\"valueRequired\":true,\"valueName\":\"search_term_string\"}}],\"inLanguage\":\"es\"},{\"@type\":\"Organization\",\"@id\":\"http:\\\/\\\/hidrocentro.com.ar\\\/bombas-agua\\\/#organization\",\"name\":\"HidroCentro Servicios\",\"url\":\"http:\\\/\\\/hidrocentro.com.ar\\\/bombas-agua\\\/\",\"logo\":{\"@type\":\"ImageObject\",\"inLanguage\":\"es\",\"@id\":\"http:\\\/\\\/hidrocentro.com.ar\\\/bombas-agua\\\/#\\\/schema\\\/logo\\\/image\\\/\",\"url\":\"http:\\\/\\\/hidrocentro.com.ar\\\/bombas-agua\\\/wp-content\\\/uploads\\\/2020\\\/09\\\/cropped-logo4.png\",\"contentUrl\":\"http:\\\/\\\/hidrocentro.com.ar\\\/bombas-agua\\\/wp-content\\\/uploads\\\/2020\\\/09\\\/cropped-logo4.png\",\"width\":249,\"height\":108,\"caption\":\"HidroCentro Servicios\"},\"image\":{\"@id\":\"http:\\\/\\\/hidrocentro.com.ar\\\/bombas-agua\\\/#\\\/schema\\\/logo\\\/image\\\/\"}}]}<\/script>\n<!-- \/ Yoast SEO plugin. -->","yoast_head_json":{"title":"Filtro Vulcano para Piscinas Residenciales - HidroCentro Servicios","robots":{"index":"index","follow":"follow","max-snippet":"max-snippet:-1","max-image-preview":"max-image-preview:large","max-video-preview":"max-video-preview:-1"},"canonical":"http:\/\/hidrocentro.com.ar\/bombas-agua\/producto\/filtro-vulcano\/","og_locale":"es_ES","og_type":"article","og_title":"Filtro Vulcano para Piscinas Residenciales - HidroCentro Servicios","og_description":"Filtro VC Soplado Vulcano para Piscinas Residenciales Con multiv\u00e1lvula selectora de 6 v\u00edas con las funciones de filtrado, retrolavado, desagote, enjuague, centrifugado y cerrado. Fabricados en una sola pieza y con materiales de alta resistencia a la corrosi\u00f3n, estos equipos de filtrado garantizan una larga vida \u00fatil de \u00f3ptimo funcionamiento. Modelos: VC 10: Filtro soplado [&hellip;]","og_url":"http:\/\/hidrocentro.com.ar\/bombas-agua\/producto\/filtro-vulcano\/","og_site_name":"HidroCentro Servicios","og_image":[{"width":767,"height":767,"url":"http:\/\/hidrocentro.com.ar\/bombas-agua\/wp-content\/uploads\/2021\/03\/Filtro.jpg","type":"image\/jpeg"}],"twitter_card":"summary_large_image","twitter_misc":{"Tiempo de lectura":"1 minuto"},"schema":{"@context":"https:\/\/schema.org","@graph":[{"@type":"WebPage","@id":"http:\/\/hidrocentro.com.ar\/bombas-agua\/producto\/filtro-vulcano\/","url":"http:\/\/hidrocentro.com.ar\/bombas-agua\/producto\/filtro-vulcano\/","name":"Filtro Vulcano para Piscinas Residenciales - HidroCentro Servicios","isPartOf":{"@id":"http:\/\/hidrocentro.com.ar\/bombas-agua\/#website"},"primaryImageOfPage":{"@id":"http:\/\/hidrocentro.com.ar\/bombas-agua\/producto\/filtro-vulcano\/#primaryimage"},"image":{"@id":"http:\/\/hidrocentro.com.ar\/bombas-agua\/producto\/filtro-vulcano\/#primaryimage"},"thumbnailUrl":"http:\/\/hidrocentro.com.ar\/bombas-agua\/wp-content\/uploads\/2021\/03\/Filtro.jpg","datePublished":"2021-03-31T21:25:38+00:00","breadcrumb":{"@id":"http:\/\/hidrocentro.com.ar\/bombas-agua\/producto\/filtro-vulcano\/#breadcrumb"},"inLanguage":"es","potentialAction":[{"@type":"ReadAction","target":["http:\/\/hidrocentro.com.ar\/bombas-agua\/producto\/filtro-vulcano\/"]}]},{"@type":"ImageObject","inLanguage":"es","@id":"http:\/\/hidrocentro.com.ar\/bombas-agua\/producto\/filtro-vulcano\/#primaryimage","url":"http:\/\/hidrocentro.com.ar\/bombas-agua\/wp-content\/uploads\/2021\/03\/Filtro.jpg","contentUrl":"http:\/\/hidrocentro.com.ar\/bombas-agua\/wp-content\/uploads\/2021\/03\/Filtro.jpg","width":767,"height":767},{"@type":"BreadcrumbList","@id":"http:\/\/hidrocentro.com.ar\/bombas-agua\/producto\/filtro-vulcano\/#breadcrumb","itemListElement":[{"@type":"ListItem","position":1,"name":"Tienda","item":"http:\/\/hidrocentro.com.ar\/bombas-agua\/tienda\/"},{"@type":"ListItem","position":2,"name":"Filtro Vulcano para Piscinas Residenciales"}]},{"@type":"WebSite","@id":"http:\/\/hidrocentro.com.ar\/bombas-agua\/#website","url":"http:\/\/hidrocentro.com.ar\/bombas-agua\/","name":"HidroCentro Servicios","description":"Venta y asesoramiento en Bombas","publisher":{"@id":"http:\/\/hidrocentro.com.ar\/bombas-agua\/#organization"},"potentialAction":[{"@type":"SearchAction","target":{"@type":"EntryPoint","urlTemplate":"http:\/\/hidrocentro.com.ar\/bombas-agua\/?s={search_term_string}"},"query-input":{"@type":"PropertyValueSpecification","valueRequired":true,"valueName":"search_term_string"}}],"inLanguage":"es"},{"@type":"Organization","@id":"http:\/\/hidrocentro.com.ar\/bombas-agua\/#organization","name":"HidroCentro Servicios","url":"http:\/\/hidrocentro.com.ar\/bombas-agua\/","logo":{"@type":"ImageObject","inLanguage":"es","@id":"http:\/\/hidrocentro.com.ar\/bombas-agua\/#\/schema\/logo\/image\/","url":"http:\/\/hidrocentro.com.ar\/bombas-agua\/wp-content\/uploads\/2020\/09\/cropped-logo4.png","contentUrl":"http:\/\/hidrocentro.com.ar\/bombas-agua\/wp-content\/uploads\/2020\/09\/cropped-logo4.png","width":249,"height":108,"caption":"HidroCentro Servicios"},"image":{"@id":"http:\/\/hidrocentro.com.ar\/bombas-agua\/#\/schema\/logo\/image\/"}}]}},"jetpack_sharing_enabled":true,"_links":{"self":[{"href":"http:\/\/hidrocentro.com.ar\/bombas-agua\/wp-json\/wp\/v2\/product\/312","targetHints":{"allow":["GET"]}}],"collection":[{"href":"http:\/\/hidrocentro.com.ar\/bombas-agua\/wp-json\/wp\/v2\/product"}],"about":[{"href":"http:\/\/hidrocentro.com.ar\/bombas-agua\/wp-json\/wp\/v2\/types\/product"}],"wp:featuredmedia":[{"embeddable":true,"href":"http:\/\/hidrocentro.com.ar\/bombas-agua\/wp-json\/wp\/v2\/media\/313"}],"wp:attachment":[{"href":"http:\/\/hidrocentro.com.ar\/bombas-agua\/wp-json\/wp\/v2\/media?parent=312"}],"wp:term":[{"taxonomy":"product_brand","embeddable":true,"href":"http:\/\/hidrocentro.com.ar\/bombas-agua\/wp-json\/wp\/v2\/product_brand?post=312"},{"taxonomy":"product_cat","embeddable":true,"href":"http:\/\/hidrocentro.com.ar\/bombas-agua\/wp-json\/wp\/v2\/product_cat?post=312"},{"taxonomy":"product_tag","embeddable":true,"href":"http:\/\/hidrocentro.com.ar\/bombas-agua\/wp-json\/wp\/v2\/product_tag?post=312"}],"curies":[{"name":"wp","href":"https:\/\/api.w.org\/{rel}","templated":true}]}}