{"id":555,"date":"2021-04-23T23:21:12","date_gmt":"2021-04-23T23:21:12","guid":{"rendered":"http:\/\/hidrocentro.com.ar\/bombas-agua\/?page_id=555"},"modified":"2021-04-24T11:39:04","modified_gmt":"2021-04-24T11:39:04","slug":"servicios","status":"publish","type":"page","link":"http:\/\/hidrocentro.com.ar\/bombas-agua\/servicios\/","title":{"rendered":"Servicios"},"content":{"rendered":"\t\t<div data-elementor-type=\"wp-page\" data-elementor-id=\"555\" class=\"elementor elementor-555\" data-elementor-post-type=\"page\">\n\t\t\t\t\t\t<header class=\"elementor-section elementor-top-section elementor-element elementor-element-8ee4cce elementor-section-full_width elementor-section-height-default elementor-section-height-default\" data-id=\"8ee4cce\" data-element_type=\"section\" data-e-type=\"section\" data-settings=\"{&quot;background_background&quot;:&quot;video&quot;,&quot;background_video_link&quot;:&quot;https:\\\/\\\/youtu.be\\\/CjBoK8f47EI&quot;,&quot;background_video_start&quot;:0,&quot;background_video_end&quot;:28,&quot;shape_divider_top&quot;:&quot;mountains&quot;,&quot;shape_divider_bottom&quot;:&quot;mountains&quot;,&quot;background_play_on_mobile&quot;:&quot;yes&quot;}\">\n\t\t\t\t\t\t\t\t<div class=\"elementor-background-video-container\">\n\t\t\t\t\t\t\t\t\t\t\t\t\t<div class=\"elementor-background-video-embed\" role=\"presentation\"><\/div>\n\t\t\t\t\t\t\t\t\t\t\t\t<\/div>\n\t\t\t\t\t\t\t\t\t<div class=\"elementor-background-overlay\"><\/div>\n\t\t\t\t\t\t<div class=\"elementor-shape elementor-shape-top\" aria-hidden=\"true\" data-negative=\"false\">\n\t\t\t<svg xmlns=\"http:\/\/www.w3.org\/2000\/svg\" viewBox=\"0 0 1000 100\" preserveAspectRatio=\"none\">\n\t<path class=\"elementor-shape-fill\" opacity=\"0.33\" d=\"M473,67.3c-203.9,88.3-263.1-34-320.3,0C66,119.1,0,59.7,0,59.7V0h1000v59.7 c0,0-62.1,26.1-94.9,29.3c-32.8,3.3-62.8-12.3-75.8-22.1C806,49.6,745.3,8.7,694.9,4.7S492.4,59,473,67.3z\"\/>\n\t<path class=\"elementor-shape-fill\" opacity=\"0.66\" d=\"M734,67.3c-45.5,0-77.2-23.2-129.1-39.1c-28.6-8.7-150.3-10.1-254,39.1 s-91.7-34.4-149.2,0C115.7,118.3,0,39.8,0,39.8V0h1000v36.5c0,0-28.2-18.5-92.1-18.5C810.2,18.1,775.7,67.3,734,67.3z\"\/>\n\t<path class=\"elementor-shape-fill\" d=\"M766.1,28.9c-200-57.5-266,65.5-395.1,19.5C242,1.8,242,5.4,184.8,20.6C128,35.8,132.3,44.9,89.9,52.5C28.6,63.7,0,0,0,0 h1000c0,0-9.9,40.9-83.6,48.1S829.6,47,766.1,28.9z\"\/>\n<\/svg>\t\t<\/div>\n\t\t\t\t<div class=\"elementor-shape elementor-shape-bottom\" aria-hidden=\"true\" data-negative=\"false\">\n\t\t\t<svg xmlns=\"http:\/\/www.w3.org\/2000\/svg\" viewBox=\"0 0 1000 100\" preserveAspectRatio=\"none\">\n\t<path class=\"elementor-shape-fill\" opacity=\"0.33\" d=\"M473,67.3c-203.9,88.3-263.1-34-320.3,0C66,119.1,0,59.7,0,59.7V0h1000v59.7 c0,0-62.1,26.1-94.9,29.3c-32.8,3.3-62.8-12.3-75.8-22.1C806,49.6,745.3,8.7,694.9,4.7S492.4,59,473,67.3z\"\/>\n\t<path class=\"elementor-shape-fill\" opacity=\"0.66\" d=\"M734,67.3c-45.5,0-77.2-23.2-129.1-39.1c-28.6-8.7-150.3-10.1-254,39.1 s-91.7-34.4-149.2,0C115.7,118.3,0,39.8,0,39.8V0h1000v36.5c0,0-28.2-18.5-92.1-18.5C810.2,18.1,775.7,67.3,734,67.3z\"\/>\n\t<path class=\"elementor-shape-fill\" d=\"M766.1,28.9c-200-57.5-266,65.5-395.1,19.5C242,1.8,242,5.4,184.8,20.6C128,35.8,132.3,44.9,89.9,52.5C28.6,63.7,0,0,0,0 h1000c0,0-9.9,40.9-83.6,48.1S829.6,47,766.1,28.9z\"\/>\n<\/svg>\t\t<\/div>\n\t\t\t\t\t<div class=\"elementor-container elementor-column-gap-no\">\n\t\t\t\t\t<div class=\"elementor-column elementor-col-100 elementor-top-column elementor-element elementor-element-2e2ec18\" data-id=\"2e2ec18\" data-element_type=\"column\" data-e-type=\"column\">\n\t\t\t<div class=\"elementor-widget-wrap elementor-element-populated\">\n\t\t\t\t\t\t<div class=\"elementor-element elementor-element-7ee5cdb elementor-widget elementor-widget-image\" data-id=\"7ee5cdb\" data-element_type=\"widget\" data-e-type=\"widget\" data-widget_type=\"image.default\">\n\t\t\t\t<div class=\"elementor-widget-container\">\n\t\t\t\t\t\t\t\t\t\t\t\t\t\t\t<img fetchpriority=\"high\" decoding=\"async\" width=\"609\" height=\"210\" src=\"https:\/\/hidrocentro.com.ar\/bombas-agua\/wp-content\/uploads\/2020\/09\/logo2-1.png\" class=\"attachment-large size-large wp-image-230\" alt=\"\" srcset=\"https:\/\/hidrocentro.com.ar\/bombas-agua\/wp-content\/uploads\/2020\/09\/logo2-1.png 609w, https:\/\/hidrocentro.com.ar\/bombas-agua\/wp-content\/uploads\/2020\/09\/logo2-1-300x103.png 300w, https:\/\/hidrocentro.com.ar\/bombas-agua\/wp-content\/uploads\/2020\/09\/logo2-1-600x207.png 600w\" sizes=\"(max-width: 609px) 100vw, 609px\" \/>\t\t\t\t\t\t\t\t\t\t\t\t\t\t\t<\/div>\n\t\t\t\t<\/div>\n\t\t\t\t\t<\/div>\n\t\t<\/div>\n\t\t\t\t\t<\/div>\n\t\t<\/header>\n\t\t\t\t<section class=\"elementor-section elementor-top-section elementor-element elementor-element-40c7e47 elementor-section-content-middle elementor-section-boxed elementor-section-height-default elementor-section-height-default\" data-id=\"40c7e47\" data-element_type=\"section\" data-e-type=\"section\">\n\t\t\t\t\t\t<div class=\"elementor-container elementor-column-gap-default\">\n\t\t\t\t\t<div class=\"elementor-column elementor-col-100 elementor-top-column elementor-element elementor-element-e5c345d\" data-id=\"e5c345d\" data-element_type=\"column\" data-e-type=\"column\">\n\t\t\t<div class=\"elementor-widget-wrap elementor-element-populated\">\n\t\t\t\t\t\t<div class=\"elementor-element elementor-element-ccf2c6d animated-slow elementor-invisible elementor-widget elementor-widget-heading\" data-id=\"ccf2c6d\" data-element_type=\"widget\" data-e-type=\"widget\" data-settings=\"{&quot;_animation&quot;:&quot;fadeIn&quot;,&quot;_animation_delay&quot;:600}\" data-widget_type=\"heading.default\">\n\t\t\t\t<div class=\"elementor-widget-container\">\n\t\t\t\t\t<h2 class=\"elementor-heading-title elementor-size-default\">Servicios<\/h2>\t\t\t\t<\/div>\n\t\t\t\t<\/div>\n\t\t\t\t\t<\/div>\n\t\t<\/div>\n\t\t\t\t\t<\/div>\n\t\t<\/section>\n\t\t\t\t<section class=\"elementor-section elementor-top-section elementor-element elementor-element-47389ce elementor-section-boxed elementor-section-height-default elementor-section-height-default\" data-id=\"47389ce\" data-element_type=\"section\" data-e-type=\"section\">\n\t\t\t\t\t\t<div class=\"elementor-container elementor-column-gap-default\">\n\t\t\t\t\t<div class=\"elementor-column elementor-col-33 elementor-top-column elementor-element elementor-element-18581f5\" data-id=\"18581f5\" data-element_type=\"column\" data-e-type=\"column\" data-settings=\"{&quot;background_background&quot;:&quot;classic&quot;}\">\n\t\t\t<div class=\"elementor-widget-wrap elementor-element-populated\">\n\t\t\t\t\t\t<div class=\"elementor-element elementor-element-c3007d3 elementor-view-stacked elementor-shape-circle elementor-position-block-start elementor-mobile-position-block-start elementor-widget elementor-widget-icon-box\" data-id=\"c3007d3\" data-element_type=\"widget\" data-e-type=\"widget\" data-widget_type=\"icon-box.default\">\n\t\t\t\t<div class=\"elementor-widget-container\">\n\t\t\t\t\t\t\t<div class=\"elementor-icon-box-wrapper\">\n\n\t\t\t\t\t\t<div class=\"elementor-icon-box-icon\">\n\t\t\t\t<span  class=\"elementor-icon elementor-animation-bounce-in\">\n\t\t\t\t<i aria-hidden=\"true\" class=\"fas fa-wrench\"><\/i>\t\t\t\t<\/span>\n\t\t\t<\/div>\n\t\t\t\n\t\t\t\t\t\t<div class=\"elementor-icon-box-content\">\n\n\t\t\t\t\t\t\t\t\t<h3 class=\"elementor-icon-box-title\">\n\t\t\t\t\t\t<span  >\n\t\t\t\t\t\t\tServicio de Postventa\t\t\t\t\t\t<\/span>\n\t\t\t\t\t<\/h3>\n\t\t\t\t\n\t\t\t\t\n\t\t\t<\/div>\n\t\t\t\n\t\t<\/div>\n\t\t\t\t\t\t<\/div>\n\t\t\t\t<\/div>\n\t\t\t\t<div class=\"elementor-element elementor-element-af20a43 elementor-widget elementor-widget-text-editor\" data-id=\"af20a43\" data-element_type=\"widget\" data-e-type=\"widget\" data-widget_type=\"text-editor.default\">\n\t\t\t\t<div class=\"elementor-widget-container\">\n\t\t\t\t\t\t\t\t\t<p>Todas nuestras bombas poseen garant\u00edas de f\u00e1brica.<\/p><p>Nuestros clientes tienen la seguridad y el respaldo de saber que en caso de necesitar comprar y\/o reparar sus equipos pueden hacerlo todo en un mismo lugar.<\/p><p>Nuestros t\u00e9cnicos tienen +20 a\u00f1os de experiencia en el rubro de reparaci\u00f3n de bombas.<\/p><h5 style=\"text-align: left;\"><strong>Adem\u00e1s hemos sido autorizados como SERVICE OFICIAL de las marcas FLYGT, LEO, VULCANO, MOTORARG Y CZERWENY.<\/strong><\/h5>\t\t\t\t\t\t\t\t<\/div>\n\t\t\t\t<\/div>\n\t\t\t\t\t<\/div>\n\t\t<\/div>\n\t\t\t\t<div class=\"elementor-column elementor-col-33 elementor-top-column elementor-element elementor-element-e7a8787\" data-id=\"e7a8787\" data-element_type=\"column\" data-e-type=\"column\" data-settings=\"{&quot;background_background&quot;:&quot;classic&quot;}\">\n\t\t\t<div class=\"elementor-widget-wrap elementor-element-populated\">\n\t\t\t\t\t\t<div class=\"elementor-element elementor-element-f52d35a elementor-view-stacked elementor-shape-circle elementor-position-block-start elementor-mobile-position-block-start elementor-widget elementor-widget-icon-box\" data-id=\"f52d35a\" data-element_type=\"widget\" data-e-type=\"widget\" data-widget_type=\"icon-box.default\">\n\t\t\t\t<div class=\"elementor-widget-container\">\n\t\t\t\t\t\t\t<div class=\"elementor-icon-box-wrapper\">\n\n\t\t\t\t\t\t<div class=\"elementor-icon-box-icon\">\n\t\t\t\t<span  class=\"elementor-icon elementor-animation-bounce-in\">\n\t\t\t\t<i aria-hidden=\"true\" class=\"fas fa-screwdriver\"><\/i>\t\t\t\t<\/span>\n\t\t\t<\/div>\n\t\t\t\n\t\t\t\t\t\t<div class=\"elementor-icon-box-content\">\n\n\t\t\t\t\t\t\t\t\t<h3 class=\"elementor-icon-box-title\">\n\t\t\t\t\t\t<span  >\n\t\t\t\t\t\t\tTaller de reparaci\u00f3n\t\t\t\t\t\t<\/span>\n\t\t\t\t\t<\/h3>\n\t\t\t\t\n\t\t\t\t\n\t\t\t<\/div>\n\t\t\t\n\t\t<\/div>\n\t\t\t\t\t\t<\/div>\n\t\t\t\t<\/div>\n\t\t\t\t<div class=\"elementor-element elementor-element-ca68c1d elementor-widget elementor-widget-text-editor\" data-id=\"ca68c1d\" data-element_type=\"widget\" data-e-type=\"widget\" data-widget_type=\"text-editor.default\">\n\t\t\t\t<div class=\"elementor-widget-container\">\n\t\t\t\t\t\t\t\t\t<p>Todas las reparaciones se realizan cuidadosamente una por una y con la provisi\u00f3n de repuestos adecuados para cada tipo, marca y modelo de bomba, en b\u00fasqueda de lograr la m\u00e1s alta calidad y el mejor resultado.<\/p><p>Nos encargamos personalmente de coordinar junto a nuestros proveedores la adquisici\u00f3n de los repuestos originales de acuerdo a cada necesidad<\/p><h5 style=\"text-align: left;\"><strong>Haga como miles de clientes que conf\u00edan siempre el cuidado de sus equipos en manos de nuestro personal especializado.<\/strong><\/h5>\t\t\t\t\t\t\t\t<\/div>\n\t\t\t\t<\/div>\n\t\t\t\t\t<\/div>\n\t\t<\/div>\n\t\t\t\t<div class=\"elementor-column elementor-col-33 elementor-top-column elementor-element elementor-element-3a831e5\" data-id=\"3a831e5\" data-element_type=\"column\" data-e-type=\"column\" data-settings=\"{&quot;background_background&quot;:&quot;classic&quot;}\">\n\t\t\t<div class=\"elementor-widget-wrap elementor-element-populated\">\n\t\t\t\t\t\t<div class=\"elementor-element elementor-element-52881d3 elementor-view-stacked elementor-shape-circle elementor-position-block-start elementor-mobile-position-block-start elementor-widget elementor-widget-icon-box\" data-id=\"52881d3\" data-element_type=\"widget\" data-e-type=\"widget\" data-widget_type=\"icon-box.default\">\n\t\t\t\t<div class=\"elementor-widget-container\">\n\t\t\t\t\t\t\t<div class=\"elementor-icon-box-wrapper\">\n\n\t\t\t\t\t\t<div class=\"elementor-icon-box-icon\">\n\t\t\t\t<span  class=\"elementor-icon elementor-animation-bounce-in\">\n\t\t\t\t<i aria-hidden=\"true\" class=\"fas fa-hands-helping\"><\/i>\t\t\t\t<\/span>\n\t\t\t<\/div>\n\t\t\t\n\t\t\t\t\t\t<div class=\"elementor-icon-box-content\">\n\n\t\t\t\t\t\t\t\t\t<h3 class=\"elementor-icon-box-title\">\n\t\t\t\t\t\t<span  >\n\t\t\t\t\t\t\tAsesoramiento en Obras\t\t\t\t\t\t<\/span>\n\t\t\t\t\t<\/h3>\n\t\t\t\t\n\t\t\t\t\n\t\t\t<\/div>\n\t\t\t\n\t\t<\/div>\n\t\t\t\t\t\t<\/div>\n\t\t\t\t<\/div>\n\t\t\t\t<div class=\"elementor-element elementor-element-a6d25f8 elementor-widget elementor-widget-text-editor\" data-id=\"a6d25f8\" data-element_type=\"widget\" data-e-type=\"widget\" data-widget_type=\"text-editor.default\">\n\t\t\t\t<div class=\"elementor-widget-container\">\n\t\t\t\t\t\t\t\t\t<p>Ante su requerimiento, disponemos de un equipo de Ingenieros y T\u00e9cnicos especializados que podr\u00e1n asesorarlo, no s\u00f3lo en la planificaci\u00f3n y desarrollo de nuevos proyectos, sino tambi\u00e9n en el diagn\u00f3stico y revisi\u00f3n de instalaciones preexistentes, a fin de mejorar su funcionamiento general y puesta en marcha.<br \/><br \/>Nos especializamos en obras de \u00edndole hidr\u00e1ulicas y electromec\u00e1nicas, tales como sistemas de redes contra incendio, services y mantenimiento en estaciones de bombeo y sistemas de suministros de agua, soldaduras de ca\u00f1er\u00edas PEAD, entre otras.<\/p>\t\t\t\t\t\t\t\t<\/div>\n\t\t\t\t<\/div>\n\t\t\t\t\t<\/div>\n\t\t<\/div>\n\t\t\t\t\t<\/div>\n\t\t<\/section>\n\t\t\t\t<\/div>\n\t\t","protected":false},"excerpt":{"rendered":"<p>Servicios Servicio de Postventa Todas nuestras bombas poseen garant\u00edas de f\u00e1brica. Nuestros clientes tienen la seguridad y el respaldo de saber que en caso de necesitar comprar y\/o reparar sus equipos pueden hacerlo todo en un mismo lugar. Nuestros t\u00e9cnicos tienen +20 a\u00f1os de experiencia en el rubro de reparaci\u00f3n de bombas. Adem\u00e1s hemos sido [&hellip;]<\/p>\n","protected":false},"author":2,"featured_media":196,"parent":0,"menu_order":0,"comment_status":"closed","ping_status":"closed","template":"","meta":{"_joinchat":[],"footnotes":""},"class_list":["post-555","page","type-page","status-publish","has-post-thumbnail","hentry"],"yoast_head":"<!-- This site is optimized with the Yoast SEO plugin v27.5 - https:\/\/yoast.com\/product\/yoast-seo-wordpress\/ -->\n<title>Servicios - HidroCentro Servicios<\/title>\n<meta name=\"robots\" content=\"index, follow, max-snippet:-1, max-image-preview:large, max-video-preview:-1\" \/>\n<link rel=\"canonical\" href=\"http:\/\/hidrocentro.com.ar\/bombas-agua\/servicios\/\" \/>\n<meta property=\"og:locale\" content=\"es_ES\" \/>\n<meta property=\"og:type\" content=\"article\" \/>\n<meta property=\"og:title\" content=\"Servicios - HidroCentro Servicios\" \/>\n<meta property=\"og:description\" content=\"Servicios Servicio de Postventa Todas nuestras bombas poseen garant\u00edas de f\u00e1brica. Nuestros clientes tienen la seguridad y el respaldo de saber que en caso de necesitar comprar y\/o reparar sus equipos pueden hacerlo todo en un mismo lugar. Nuestros t\u00e9cnicos tienen +20 a\u00f1os de experiencia en el rubro de reparaci\u00f3n de bombas. Adem\u00e1s hemos sido [&hellip;]\" \/>\n<meta property=\"og:url\" content=\"http:\/\/hidrocentro.com.ar\/bombas-agua\/servicios\/\" \/>\n<meta property=\"og:site_name\" content=\"HidroCentro Servicios\" \/>\n<meta property=\"article:modified_time\" content=\"2021-04-24T11:39:04+00:00\" \/>\n<meta property=\"og:image\" content=\"http:\/\/hidrocentro.com.ar\/bombas-agua\/wp-content\/uploads\/2020\/09\/logo4.png\" \/>\n\t<meta property=\"og:image:width\" content=\"404\" \/>\n\t<meta property=\"og:image:height\" content=\"108\" \/>\n\t<meta property=\"og:image:type\" content=\"image\/png\" \/>\n<meta name=\"twitter:card\" content=\"summary_large_image\" \/>\n<meta name=\"twitter:label1\" content=\"Tiempo de lectura\" \/>\n\t<meta name=\"twitter:data1\" content=\"2 minutos\" \/>\n<script type=\"application\/ld+json\" class=\"yoast-schema-graph\">{\"@context\":\"https:\\\/\\\/schema.org\",\"@graph\":[{\"@type\":\"WebPage\",\"@id\":\"http:\\\/\\\/hidrocentro.com.ar\\\/bombas-agua\\\/servicios\\\/\",\"url\":\"http:\\\/\\\/hidrocentro.com.ar\\\/bombas-agua\\\/servicios\\\/\",\"name\":\"Servicios - HidroCentro Servicios\",\"isPartOf\":{\"@id\":\"http:\\\/\\\/hidrocentro.com.ar\\\/bombas-agua\\\/#website\"},\"primaryImageOfPage\":{\"@id\":\"http:\\\/\\\/hidrocentro.com.ar\\\/bombas-agua\\\/servicios\\\/#primaryimage\"},\"image\":{\"@id\":\"http:\\\/\\\/hidrocentro.com.ar\\\/bombas-agua\\\/servicios\\\/#primaryimage\"},\"thumbnailUrl\":\"http:\\\/\\\/hidrocentro.com.ar\\\/bombas-agua\\\/wp-content\\\/uploads\\\/2020\\\/09\\\/logo4.png\",\"datePublished\":\"2021-04-23T23:21:12+00:00\",\"dateModified\":\"2021-04-24T11:39:04+00:00\",\"inLanguage\":\"es\",\"potentialAction\":[{\"@type\":\"ReadAction\",\"target\":[\"http:\\\/\\\/hidrocentro.com.ar\\\/bombas-agua\\\/servicios\\\/\"]}]},{\"@type\":\"ImageObject\",\"inLanguage\":\"es\",\"@id\":\"http:\\\/\\\/hidrocentro.com.ar\\\/bombas-agua\\\/servicios\\\/#primaryimage\",\"url\":\"http:\\\/\\\/hidrocentro.com.ar\\\/bombas-agua\\\/wp-content\\\/uploads\\\/2020\\\/09\\\/logo4.png\",\"contentUrl\":\"http:\\\/\\\/hidrocentro.com.ar\\\/bombas-agua\\\/wp-content\\\/uploads\\\/2020\\\/09\\\/logo4.png\",\"width\":404,\"height\":108},{\"@type\":\"WebSite\",\"@id\":\"http:\\\/\\\/hidrocentro.com.ar\\\/bombas-agua\\\/#website\",\"url\":\"http:\\\/\\\/hidrocentro.com.ar\\\/bombas-agua\\\/\",\"name\":\"HidroCentro Servicios\",\"description\":\"Venta y asesoramiento en Bombas\",\"publisher\":{\"@id\":\"http:\\\/\\\/hidrocentro.com.ar\\\/bombas-agua\\\/#organization\"},\"potentialAction\":[{\"@type\":\"SearchAction\",\"target\":{\"@type\":\"EntryPoint\",\"urlTemplate\":\"http:\\\/\\\/hidrocentro.com.ar\\\/bombas-agua\\\/?s={search_term_string}\"},\"query-input\":{\"@type\":\"PropertyValueSpecification\",\"valueRequired\":true,\"valueName\":\"search_term_string\"}}],\"inLanguage\":\"es\"},{\"@type\":\"Organization\",\"@id\":\"http:\\\/\\\/hidrocentro.com.ar\\\/bombas-agua\\\/#organization\",\"name\":\"HidroCentro Servicios\",\"url\":\"http:\\\/\\\/hidrocentro.com.ar\\\/bombas-agua\\\/\",\"logo\":{\"@type\":\"ImageObject\",\"inLanguage\":\"es\",\"@id\":\"http:\\\/\\\/hidrocentro.com.ar\\\/bombas-agua\\\/#\\\/schema\\\/logo\\\/image\\\/\",\"url\":\"http:\\\/\\\/hidrocentro.com.ar\\\/bombas-agua\\\/wp-content\\\/uploads\\\/2020\\\/09\\\/cropped-logo4.png\",\"contentUrl\":\"http:\\\/\\\/hidrocentro.com.ar\\\/bombas-agua\\\/wp-content\\\/uploads\\\/2020\\\/09\\\/cropped-logo4.png\",\"width\":249,\"height\":108,\"caption\":\"HidroCentro Servicios\"},\"image\":{\"@id\":\"http:\\\/\\\/hidrocentro.com.ar\\\/bombas-agua\\\/#\\\/schema\\\/logo\\\/image\\\/\"}}]}<\/script>\n<!-- \/ Yoast SEO plugin. -->","yoast_head_json":{"title":"Servicios - HidroCentro Servicios","robots":{"index":"index","follow":"follow","max-snippet":"max-snippet:-1","max-image-preview":"max-image-preview:large","max-video-preview":"max-video-preview:-1"},"canonical":"http:\/\/hidrocentro.com.ar\/bombas-agua\/servicios\/","og_locale":"es_ES","og_type":"article","og_title":"Servicios - HidroCentro Servicios","og_description":"Servicios Servicio de Postventa Todas nuestras bombas poseen garant\u00edas de f\u00e1brica. Nuestros clientes tienen la seguridad y el respaldo de saber que en caso de necesitar comprar y\/o reparar sus equipos pueden hacerlo todo en un mismo lugar. Nuestros t\u00e9cnicos tienen +20 a\u00f1os de experiencia en el rubro de reparaci\u00f3n de bombas. Adem\u00e1s hemos sido [&hellip;]","og_url":"http:\/\/hidrocentro.com.ar\/bombas-agua\/servicios\/","og_site_name":"HidroCentro Servicios","article_modified_time":"2021-04-24T11:39:04+00:00","og_image":[{"width":404,"height":108,"url":"http:\/\/hidrocentro.com.ar\/bombas-agua\/wp-content\/uploads\/2020\/09\/logo4.png","type":"image\/png"}],"twitter_card":"summary_large_image","twitter_misc":{"Tiempo de lectura":"2 minutos"},"schema":{"@context":"https:\/\/schema.org","@graph":[{"@type":"WebPage","@id":"http:\/\/hidrocentro.com.ar\/bombas-agua\/servicios\/","url":"http:\/\/hidrocentro.com.ar\/bombas-agua\/servicios\/","name":"Servicios - HidroCentro Servicios","isPartOf":{"@id":"http:\/\/hidrocentro.com.ar\/bombas-agua\/#website"},"primaryImageOfPage":{"@id":"http:\/\/hidrocentro.com.ar\/bombas-agua\/servicios\/#primaryimage"},"image":{"@id":"http:\/\/hidrocentro.com.ar\/bombas-agua\/servicios\/#primaryimage"},"thumbnailUrl":"http:\/\/hidrocentro.com.ar\/bombas-agua\/wp-content\/uploads\/2020\/09\/logo4.png","datePublished":"2021-04-23T23:21:12+00:00","dateModified":"2021-04-24T11:39:04+00:00","inLanguage":"es","potentialAction":[{"@type":"ReadAction","target":["http:\/\/hidrocentro.com.ar\/bombas-agua\/servicios\/"]}]},{"@type":"ImageObject","inLanguage":"es","@id":"http:\/\/hidrocentro.com.ar\/bombas-agua\/servicios\/#primaryimage","url":"http:\/\/hidrocentro.com.ar\/bombas-agua\/wp-content\/uploads\/2020\/09\/logo4.png","contentUrl":"http:\/\/hidrocentro.com.ar\/bombas-agua\/wp-content\/uploads\/2020\/09\/logo4.png","width":404,"height":108},{"@type":"WebSite","@id":"http:\/\/hidrocentro.com.ar\/bombas-agua\/#website","url":"http:\/\/hidrocentro.com.ar\/bombas-agua\/","name":"HidroCentro Servicios","description":"Venta y asesoramiento en Bombas","publisher":{"@id":"http:\/\/hidrocentro.com.ar\/bombas-agua\/#organization"},"potentialAction":[{"@type":"SearchAction","target":{"@type":"EntryPoint","urlTemplate":"http:\/\/hidrocentro.com.ar\/bombas-agua\/?s={search_term_string}"},"query-input":{"@type":"PropertyValueSpecification","valueRequired":true,"valueName":"search_term_string"}}],"inLanguage":"es"},{"@type":"Organization","@id":"http:\/\/hidrocentro.com.ar\/bombas-agua\/#organization","name":"HidroCentro Servicios","url":"http:\/\/hidrocentro.com.ar\/bombas-agua\/","logo":{"@type":"ImageObject","inLanguage":"es","@id":"http:\/\/hidrocentro.com.ar\/bombas-agua\/#\/schema\/logo\/image\/","url":"http:\/\/hidrocentro.com.ar\/bombas-agua\/wp-content\/uploads\/2020\/09\/cropped-logo4.png","contentUrl":"http:\/\/hidrocentro.com.ar\/bombas-agua\/wp-content\/uploads\/2020\/09\/cropped-logo4.png","width":249,"height":108,"caption":"HidroCentro Servicios"},"image":{"@id":"http:\/\/hidrocentro.com.ar\/bombas-agua\/#\/schema\/logo\/image\/"}}]}},"jetpack_sharing_enabled":true,"_links":{"self":[{"href":"http:\/\/hidrocentro.com.ar\/bombas-agua\/wp-json\/wp\/v2\/pages\/555","targetHints":{"allow":["GET"]}}],"collection":[{"href":"http:\/\/hidrocentro.com.ar\/bombas-agua\/wp-json\/wp\/v2\/pages"}],"about":[{"href":"http:\/\/hidrocentro.com.ar\/bombas-agua\/wp-json\/wp\/v2\/types\/page"}],"author":[{"embeddable":true,"href":"http:\/\/hidrocentro.com.ar\/bombas-agua\/wp-json\/wp\/v2\/users\/2"}],"replies":[{"embeddable":true,"href":"http:\/\/hidrocentro.com.ar\/bombas-agua\/wp-json\/wp\/v2\/comments?post=555"}],"version-history":[{"count":63,"href":"http:\/\/hidrocentro.com.ar\/bombas-agua\/wp-json\/wp\/v2\/pages\/555\/revisions"}],"predecessor-version":[{"id":719,"href":"http:\/\/hidrocentro.com.ar\/bombas-agua\/wp-json\/wp\/v2\/pages\/555\/revisions\/719"}],"wp:featuredmedia":[{"embeddable":true,"href":"http:\/\/hidrocentro.com.ar\/bombas-agua\/wp-json\/wp\/v2\/media\/196"}],"wp:attachment":[{"href":"http:\/\/hidrocentro.com.ar\/bombas-agua\/wp-json\/wp\/v2\/media?parent=555"}],"curies":[{"name":"wp","href":"https:\/\/api.w.org\/{rel}","templated":true}]}}